{"id":42,"date":"2024-02-13T13:02:50","date_gmt":"2024-02-13T12:02:50","guid":{"rendered":"https:\/\/influencesuite.ncayasociados.com\/?page_id=42"},"modified":"2024-02-27T11:13:38","modified_gmt":"2024-02-27T10:13:38","slug":"colaboradores","status":"publish","type":"page","link":"https:\/\/influencesuite.com\/pt\/colaboradores\/","title":{"rendered":"Parceiros"},"content":{"rendered":"<div data-elementor-type=\"wp-page\" data-elementor-id=\"42\" class=\"elementor elementor-42\" data-elementor-post-type=\"page\">\n\t\t\t\t<div class=\"elementor-element elementor-element-31c40bc e-con-full e-flex wpr-particle-no wpr-jarallax-no wpr-parallax-no wpr-sticky-section-no e-con e-parent\" data-id=\"31c40bc\" data-element_type=\"container\" data-e-type=\"container\">\n\t\t<div class=\"elementor-element elementor-element-e53bffd e-con-full hero e-flex wpr-particle-no wpr-jarallax-no wpr-parallax-no wpr-sticky-section-no e-con e-child\" data-id=\"e53bffd\" data-element_type=\"container\" data-e-type=\"container\" data-settings=\"{&quot;background_background&quot;:&quot;classic&quot;}\">\n\t\t<div class=\"elementor-element elementor-element-5193e97 e-con-full e-flex wpr-particle-no wpr-jarallax-no wpr-parallax-no wpr-sticky-section-no e-con e-child\" data-id=\"5193e97\" data-element_type=\"container\" data-e-type=\"container\">\n\t\t<div class=\"elementor-element elementor-element-d6332c3 e-flex e-con-boxed wpr-particle-no wpr-jarallax-no wpr-parallax-no wpr-sticky-section-no e-con e-child\" data-id=\"d6332c3\" data-element_type=\"container\" data-e-type=\"container\">\n\t\t\t\t\t<div class=\"e-con-inner\">\n\t\t\t\t<div class=\"elementor-element elementor-element-3147c80 elementor-widget elementor-widget-image\" data-id=\"3147c80\" data-element_type=\"widget\" data-e-type=\"widget\" data-widget_type=\"image.default\">\n\t\t\t\t<div class=\"elementor-widget-container\">\n\t\t\t\t\t\t\t\t\t\t\t\t\t\t\t<img fetchpriority=\"high\" decoding=\"async\" width=\"294\" height=\"173\" src=\"https:\/\/influencesuite.com\/wp-content\/uploads\/2024\/02\/logo-influencesuite-hero.png\" class=\"attachment-large size-large wp-image-66\" alt=\"\">\t\t\t\t\t\t\t\t\t\t\t\t\t\t\t<\/div>\n\t\t\t\t<\/div>\n\t\t\t\t\t<\/div>\n\t\t\t\t<\/div>\n\t\t<div class=\"elementor-element elementor-element-b4a576a e-flex e-con-boxed wpr-particle-no wpr-jarallax-no wpr-parallax-no wpr-sticky-section-no e-con e-child\" data-id=\"b4a576a\" data-element_type=\"container\" data-e-type=\"container\">\n\t\t\t\t\t<div class=\"e-con-inner\">\n\t\t\t\t<div class=\"elementor-element elementor-element-80636e0 elementor-widget elementor-widget-heading\" data-id=\"80636e0\" data-element_type=\"widget\" data-e-type=\"widget\" data-widget_type=\"heading.default\">\n\t\t\t\t<div class=\"elementor-widget-container\">\n\t\t\t\t\t<h1 class=\"elementor-heading-title elementor-size-default\">Parceiros<\/h1>\t\t\t\t<\/div>\n\t\t\t\t<\/div>\n\t\t\t\t<div class=\"elementor-element elementor-element-fbb2279 elementor-widget elementor-widget-text-editor\" data-id=\"fbb2279\" data-element_type=\"widget\" data-e-type=\"widget\" data-widget_type=\"text-editor.default\">\n\t\t\t\t<div class=\"elementor-widget-container\">\n\t\t\t\t\t\t\t\t\t<p>Uma ag\u00eancia nacional com uma capacidade de servi\u00e7o global<\/p>\t\t\t\t\t\t\t\t<\/div>\n\t\t\t\t<\/div>\n\t\t\t\t\t<\/div>\n\t\t\t\t<\/div>\n\t\t\t\t<\/div>\n\t\t\t\t<\/div>\n\t\t<div class=\"elementor-element elementor-element-828f365 e-con-full e-flex wpr-particle-no wpr-jarallax-no wpr-parallax-no wpr-sticky-section-no e-con e-child\" data-id=\"828f365\" data-element_type=\"container\" data-e-type=\"container\">\n\t\t<div class=\"elementor-element elementor-element-7fdfdb4 e-flex e-con-boxed wpr-particle-no wpr-jarallax-no wpr-parallax-no wpr-sticky-section-no e-con e-child\" data-id=\"7fdfdb4\" data-element_type=\"container\" data-e-type=\"container\">\n\t\t\t\t\t<div class=\"e-con-inner\">\n\t\t<div class=\"elementor-element elementor-element-b50ff49 e-con-full e-flex wpr-particle-no wpr-jarallax-no wpr-parallax-no wpr-sticky-section-no e-con e-child\" data-id=\"b50ff49\" data-element_type=\"container\" data-e-type=\"container\">\n\t\t\t\t<div class=\"elementor-element elementor-element-7b81421 elementor-widget elementor-widget-text-editor\" data-id=\"7b81421\" data-element_type=\"widget\" data-e-type=\"widget\" data-widget_type=\"text-editor.default\">\n\t\t\t\t<div class=\"elementor-widget-container\">\n\t\t\t\t\t\t\t\t\t<p>Em Espanha, a InfluenceSuite \u00e9 membro fundador da Arpegia Union, formada por tr\u00eas empresas independentes com uma vasta experi\u00eancia e uma longa hist\u00f3ria nos seus respetivos dom\u00ednios, tanto a n\u00edvel nacional como internacional. A nossa equipa \u00e9 composta por profissionais especializados que adotam uma abordagem hol\u00edstica para fornecer solu\u00e7\u00f5es inovadoras. Embora trabalhemos em colabora\u00e7\u00e3o como um grupo mais amplo, pretendemos manter um formato de boutique, que garanta uma abordagem personalizada e \u00e0 medida de cada projeto e cliente.<\/p>\t\t\t\t\t\t\t\t<\/div>\n\t\t\t\t<\/div>\n\t\t\t\t<div class=\"elementor-element elementor-element-e9e1abd elementor-invisible elementor-widget elementor-widget-image\" data-id=\"e9e1abd\" data-element_type=\"widget\" data-e-type=\"widget\" data-settings=\"{&quot;_animation&quot;:&quot;fadeInLeft&quot;}\" data-widget_type=\"image.default\">\n\t\t\t\t<div class=\"elementor-widget-container\">\n\t\t\t\t\t\t\t\t\t\t\t\t\t\t\t<img decoding=\"async\" width=\"492\" height=\"135\" src=\"https:\/\/influencesuite.com\/wp-content\/uploads\/2024\/02\/arpegia-logo.png\" class=\"attachment-full size-full wp-image-904\" alt=\"\" srcset=\"https:\/\/influencesuite.com\/wp-content\/uploads\/2024\/02\/arpegia-logo.png 492w, https:\/\/influencesuite.com\/wp-content\/uploads\/2024\/02\/arpegia-logo-300x82.png 300w\" sizes=\"(max-width: 492px) 100vw, 492px\">\t\t\t\t\t\t\t\t\t\t\t\t\t\t\t<\/div>\n\t\t\t\t<\/div>\n\t\t<div class=\"elementor-element elementor-element-769b3b8 e-con-full e-flex wpr-particle-no wpr-jarallax-no wpr-parallax-no wpr-sticky-section-no e-con e-child\" data-id=\"769b3b8\" data-element_type=\"container\" data-e-type=\"container\">\n\t\t<div class=\"elementor-element elementor-element-2a61f76 e-con-full e-flex wpr-particle-no wpr-jarallax-no wpr-parallax-no wpr-sticky-section-no e-con e-child\" data-id=\"2a61f76\" data-element_type=\"container\" data-e-type=\"container\">\n\t\t\t\t<div class=\"elementor-element elementor-element-545af76 elementor-invisible elementor-widget elementor-widget-image\" data-id=\"545af76\" data-element_type=\"widget\" data-e-type=\"widget\" data-settings=\"{&quot;_animation&quot;:&quot;fadeInDown&quot;}\" data-widget_type=\"image.default\">\n\t\t\t\t<div class=\"elementor-widget-container\">\n\t\t\t\t\t\t\t\t\t\t\t\t\t\t\t<img decoding=\"async\" width=\"90\" height=\"75\" src=\"https:\/\/influencesuite.com\/wp-content\/uploads\/2024\/02\/logo-strategik.png\" class=\"attachment-large size-large wp-image-906\" alt=\"\">\t\t\t\t\t\t\t\t\t\t\t\t\t\t\t<\/div>\n\t\t\t\t<\/div>\n\t\t\t\t<\/div>\n\t\t<div class=\"elementor-element elementor-element-5b2ee86 e-con-full e-flex wpr-particle-no wpr-jarallax-no wpr-parallax-no wpr-sticky-section-no e-con e-child\" data-id=\"5b2ee86\" data-element_type=\"container\" data-e-type=\"container\">\n\t\t\t\t<div class=\"elementor-element elementor-element-b76a3da elementor-invisible elementor-widget elementor-widget-image\" data-id=\"b76a3da\" data-element_type=\"widget\" data-e-type=\"widget\" data-settings=\"{&quot;_animation&quot;:&quot;fadeInDown&quot;,&quot;_animation_delay&quot;:250}\" data-widget_type=\"image.default\">\n\t\t\t\t<div class=\"elementor-widget-container\">\n\t\t\t\t\t\t\t\t\t\t\t\t\t\t\t<img loading=\"lazy\" decoding=\"async\" width=\"168\" height=\"69\" src=\"https:\/\/influencesuite.com\/wp-content\/uploads\/2024\/02\/logo-nca.png\" class=\"attachment-large size-large wp-image-907\" alt=\"\">\t\t\t\t\t\t\t\t\t\t\t\t\t\t\t<\/div>\n\t\t\t\t<\/div>\n\t\t\t\t<\/div>\n\t\t<div class=\"elementor-element elementor-element-06c147d e-con-full e-flex wpr-particle-no wpr-jarallax-no wpr-parallax-no wpr-sticky-section-no e-con e-child\" data-id=\"06c147d\" data-element_type=\"container\" data-e-type=\"container\">\n\t\t\t\t<div class=\"elementor-element elementor-element-6147a67 elementor-invisible elementor-widget elementor-widget-image\" data-id=\"6147a67\" data-element_type=\"widget\" data-e-type=\"widget\" data-settings=\"{&quot;_animation&quot;:&quot;fadeInDown&quot;,&quot;_animation_delay&quot;:500}\" data-widget_type=\"image.default\">\n\t\t\t\t<div class=\"elementor-widget-container\">\n\t\t\t\t\t\t\t\t\t\t\t\t\t\t\t<img loading=\"lazy\" decoding=\"async\" width=\"125\" height=\"64\" src=\"https:\/\/influencesuite.com\/wp-content\/uploads\/2024\/02\/logo-influencesuite-navbar.png\" class=\"attachment-large size-large wp-image-333\" alt=\"\">\t\t\t\t\t\t\t\t\t\t\t\t\t\t\t<\/div>\n\t\t\t\t<\/div>\n\t\t\t\t<\/div>\n\t\t\t\t<\/div>\n\t\t\t\t<\/div>\n\t\t<div class=\"elementor-element elementor-element-fa77479 e-con-full e-flex wpr-particle-no wpr-jarallax-no wpr-parallax-no wpr-sticky-section-no e-con e-child\" data-id=\"fa77479\" data-element_type=\"container\" data-e-type=\"container\">\n\t\t\t\t<div class=\"elementor-element elementor-element-182435f elementor-widget elementor-widget-text-editor\" data-id=\"182435f\" data-element_type=\"widget\" data-e-type=\"widget\" data-widget_type=\"text-editor.default\">\n\t\t\t\t<div class=\"elementor-widget-container\">\n\t\t\t\t\t\t\t\t\t<p>Na era da globaliza\u00e7\u00e3o, \u00e9 essencial adotar estrat\u00e9gias de comunica\u00e7\u00e3o que englobem uma vis\u00e3o unificada e coerente. No entanto, a chave do sucesso reside na adapta\u00e7\u00e3o e no conhecimento espec\u00edfico de cada mercado local. Na InfluenceSuite, reconhecemos que, embora seja imperativo pensar globalmente, a verdadeira efic\u00e1cia \u00e9 alcan\u00e7ada actuando localmente. Isto significa compreender e respeitar as caracter\u00edsticas \u00fanicas de cada p\u00fablico e aplicar as ferramentas de comunica\u00e7\u00e3o mais adequadas a cada contexto. A nossa colabora\u00e7\u00e3o com mais de 60 ag\u00eancias de comunica\u00e7\u00e3o independentes permite-nos combinar uma perspetiva global com uma implementa\u00e7\u00e3o local especializada, assegurando que cada estrat\u00e9gia de comunica\u00e7\u00e3o \u00e9 n\u00e3o s\u00f3 globalmente relevante, mas tamb\u00e9m impactante e eficaz em cada mercado espec\u00edfico.<\/p>\n\n<p>Na InfluenceSuite, ultrapassamos as nossas fronteiras para amplificar o seu sucesso: colaboramos estrategicamente com ag\u00eancias nacionais e internacionais de refer\u00eancia na \u00e1rea da comunica\u00e7\u00e3o, marketing digital, publicidade e consultoria. <\/p>\t\t\t\t\t\t\t\t<\/div>\n\t\t\t\t<\/div>\n\t\t\t\t<\/div>\n\t\t\t\t\t<\/div>\n\t\t\t\t<\/div>\n\t\t\t\t<\/div>\n\t\t<div class=\"elementor-element elementor-element-61d7d86 e-con-full e-flex wpr-particle-no wpr-jarallax-no wpr-parallax-no wpr-sticky-section-no e-con e-child\" data-id=\"61d7d86\" data-element_type=\"container\" data-e-type=\"container\" data-settings=\"{&quot;background_background&quot;:&quot;classic&quot;}\">\n\t\t<div class=\"elementor-element elementor-element-e800aa6 e-flex e-con-boxed wpr-particle-no wpr-jarallax-no wpr-parallax-no wpr-sticky-section-no e-con e-child\" data-id=\"e800aa6\" data-element_type=\"container\" data-e-type=\"container\">\n\t\t\t\t\t<div class=\"e-con-inner\">\n\t\t\t\t<div class=\"elementor-element elementor-element-9dddf42 highlight elementor-invisible elementor-widget elementor-widget-text-editor\" data-id=\"9dddf42\" data-element_type=\"widget\" data-e-type=\"widget\" data-settings=\"{&quot;_animation&quot;:&quot;fadeInDown&quot;}\" data-widget_type=\"text-editor.default\">\n\t\t\t\t<div class=\"elementor-widget-container\">\n\t\t\t\t\t\t\t\t\t<p>Somos uma ag\u00eancia 100% nacional com capacidade para desenvolver campanhas de comunica\u00e7\u00e3o globais. Gra\u00e7as \u00e0 nossa colabora\u00e7\u00e3o constante com ag\u00eancias independentes de rela\u00e7\u00f5es p\u00fablicas, marketing digital, publicidade e design criativo de todo o mundo, atravessamos fronteiras para chegar onde os nossos clientes precisam de n\u00f3s.<\/p>\t\t\t\t\t\t\t\t<\/div>\n\t\t\t\t<\/div>\n\t\t\t\t\t<\/div>\n\t\t\t\t<\/div>\n\t\t\t\t<\/div>\n\t\t\t\t<\/div>\n\t\t\t\t<\/div>","protected":false},"excerpt":{"rendered":"<p>Parceiros Uma ag\u00eancia nacional com capacidade de servi\u00e7o global A InfluenceSuite \u00e9 membro fundador da Arpegia Union, composta por tr\u00eas empresas independentes com uma vasta experi\u00eancia e um longo historial nas suas respectivas \u00e1reas, tanto a n\u00edvel nacional como internacional. A nossa equipa \u00e9 composta por profissionais especializados que adoptam uma abordagem hol\u00edstica para fornecer solu\u00e7\u00f5es inovadoras. Embora trabalhemos em colabora\u00e7\u00e3o como um grupo mais amplo, pretendemos manter um formato de boutique que garanta uma abordagem personalizada e adaptada a cada projeto e cliente. Na era da globaliza\u00e7\u00e3o, \u00e9 essencial adotar estrat\u00e9gias de comunica\u00e7\u00e3o que englobem uma vis\u00e3o unificada e coerente. No entanto, a chave do sucesso reside na adapta\u00e7\u00e3o e no conhecimento espec\u00edfico de cada mercado local. Na InfluenceSuite, reconhecemos que, embora seja imperativo pensar globalmente, a verdadeira efic\u00e1cia \u00e9 alcan\u00e7ada actuando localmente. Isto significa compreender e respeitar as carater\u00edsticas \u00fanicas de cada p\u00fablico e aplicar as ferramentas de comunica\u00e7\u00e3o mais adequadas a cada contexto. A nossa colabora\u00e7\u00e3o com mais de 60 ag\u00eancias de comunica\u00e7\u00e3o independentes permite-nos combinar uma perspetiva global com uma implementa\u00e7\u00e3o local especializada, assegurando que cada estrat\u00e9gia de comunica\u00e7\u00e3o \u00e9 n\u00e3o s\u00f3 globalmente relevante, mas tamb\u00e9m impactante e eficaz em cada mercado espec\u00edfico. Na InfluenceSuite, vamos al\u00e9m das nossas fronteiras para amplificar o seu sucesso: colaboramos estrategicamente com ag\u00eancias nacionais e internacionais l\u00edderes nas \u00e1reas da comunica\u00e7\u00e3o, marketing digital, publicidade e consultoria. Somos uma ag\u00eancia nacional 100% com capacidade para desenvolver campanhas de comunica\u00e7\u00e3o internacionais. Gra\u00e7as \u00e0 nossa colabora\u00e7\u00e3o constante com ag\u00eancias independentes de rela\u00e7\u00f5es p\u00fablicas, marketing digital, publicidade e design criativo de todo o mundo, atravessamos fronteiras para chegar onde os nossos clientes precisam de n\u00f3s.<\/p>","protected":false},"author":1,"featured_media":0,"parent":0,"menu_order":6,"comment_status":"closed","ping_status":"closed","template":"","meta":{"site-sidebar-layout":"no-sidebar","site-content-layout":"","ast-site-content-layout":"full-width-container","site-content-style":"default","site-sidebar-style":"default","ast-global-header-display":"","ast-banner-title-visibility":"","ast-main-header-display":"","ast-hfb-above-header-display":"","ast-hfb-below-header-display":"","ast-hfb-mobile-header-display":"","site-post-title":"disabled","ast-breadcrumbs-content":"","ast-featured-img":"disabled","footer-sml-layout":"","ast-disable-related-posts":"","theme-transparent-header-meta":"","adv-header-id-meta":"","stick-header-meta":"","header-above-stick-meta":"","header-main-stick-meta":"","header-below-stick-meta":"","astra-migrate-meta-layouts":"default","ast-page-background-enabled":"default","ast-page-background-meta":{"desktop":{"background-color":"var(--ast-global-color-4)","background-image":"","background-repeat":"repeat","background-position":"center center","background-size":"auto","background-attachment":"scroll","background-type":"","background-media":"","overlay-type":"","overlay-color":"","overlay-opacity":"","overlay-gradient":""},"tablet":{"background-color":"","background-image":"","background-repeat":"repeat","background-position":"center center","background-size":"auto","background-attachment":"scroll","background-type":"","background-media":"","overlay-type":"","overlay-color":"","overlay-opacity":"","overlay-gradient":""},"mobile":{"background-color":"","background-image":"","background-repeat":"repeat","background-position":"center center","background-size":"auto","background-attachment":"scroll","background-type":"","background-media":"","overlay-type":"","overlay-color":"","overlay-opacity":"","overlay-gradient":""}},"ast-content-background-meta":{"desktop":{"background-color":"var(--ast-global-color-5)","background-image":"","background-repeat":"repeat","background-position":"center center","background-size":"auto","background-attachment":"scroll","background-type":"","background-media":"","overlay-type":"","overlay-color":"","overlay-opacity":"","overlay-gradient":""},"tablet":{"background-color":"var(--ast-global-color-5)","background-image":"","background-repeat":"repeat","background-position":"center center","background-size":"auto","background-attachment":"scroll","background-type":"","background-media":"","overlay-type":"","overlay-color":"","overlay-opacity":"","overlay-gradient":""},"mobile":{"background-color":"var(--ast-global-color-5)","background-image":"","background-repeat":"repeat","background-position":"center center","background-size":"auto","background-attachment":"scroll","background-type":"","background-media":"","overlay-type":"","overlay-color":"","overlay-opacity":"","overlay-gradient":""}},"footnotes":""},"categories":[],"class_list":["post-42","page","type-page","status-publish","hentry"],"_links":{"self":[{"href":"https:\/\/influencesuite.com\/pt\/wp-json\/wp\/v2\/pages\/42","targetHints":{"allow":["GET"]}}],"collection":[{"href":"https:\/\/influencesuite.com\/pt\/wp-json\/wp\/v2\/pages"}],"about":[{"href":"https:\/\/influencesuite.com\/pt\/wp-json\/wp\/v2\/types\/page"}],"author":[{"embeddable":true,"href":"https:\/\/influencesuite.com\/pt\/wp-json\/wp\/v2\/users\/1"}],"replies":[{"embeddable":true,"href":"https:\/\/influencesuite.com\/pt\/wp-json\/wp\/v2\/comments?post=42"}],"version-history":[{"count":0,"href":"https:\/\/influencesuite.com\/pt\/wp-json\/wp\/v2\/pages\/42\/revisions"}],"wp:attachment":[{"href":"https:\/\/influencesuite.com\/pt\/wp-json\/wp\/v2\/media?parent=42"}],"wp:term":[{"taxonomy":"category","embeddable":true,"href":"https:\/\/influencesuite.com\/pt\/wp-json\/wp\/v2\/categories?post=42"}],"curies":[{"name":"wp","href":"https:\/\/api.w.org\/{rel}","templated":true}]}}