{"id":33,"date":"2024-02-13T13:01:40","date_gmt":"2024-02-13T12:01:40","guid":{"rendered":"https:\/\/influencesuite.ncayasociados.com\/?page_id=33"},"modified":"2024-03-08T16:17:37","modified_gmt":"2024-03-08T15:17:37","slug":"quienes-somos","status":"publish","type":"page","link":"https:\/\/influencesuite.com\/pt\/quienes-somos\/","title":{"rendered":"Quem somos?"},"content":{"rendered":"<div data-elementor-type=\"wp-page\" data-elementor-id=\"33\" class=\"elementor elementor-33\" data-elementor-post-type=\"page\">\n\t\t\t\t<div class=\"elementor-element elementor-element-bdbf7fb e-con-full e-flex wpr-particle-no wpr-jarallax-no wpr-parallax-no wpr-sticky-section-no e-con e-parent\" data-id=\"bdbf7fb\" data-element_type=\"container\" data-e-type=\"container\">\n\t\t<div class=\"elementor-element elementor-element-e09fe8c e-con-full hero e-flex wpr-particle-no wpr-jarallax-no wpr-parallax-no wpr-sticky-section-no e-con e-child\" data-id=\"e09fe8c\" data-element_type=\"container\" data-e-type=\"container\" data-settings=\"{&quot;background_background&quot;:&quot;classic&quot;}\">\n\t\t<div class=\"elementor-element elementor-element-96ed816 e-con-full e-flex wpr-particle-no wpr-jarallax-no wpr-parallax-no wpr-sticky-section-no e-con e-child\" data-id=\"96ed816\" data-element_type=\"container\" data-e-type=\"container\">\n\t\t<div class=\"elementor-element elementor-element-904c0b8 e-flex e-con-boxed wpr-particle-no wpr-jarallax-no wpr-parallax-no wpr-sticky-section-no e-con e-child\" data-id=\"904c0b8\" data-element_type=\"container\" data-e-type=\"container\">\n\t\t\t\t\t<div class=\"e-con-inner\">\n\t\t\t\t<div class=\"elementor-element elementor-element-3ce1369 elementor-widget elementor-widget-image\" data-id=\"3ce1369\" data-element_type=\"widget\" data-e-type=\"widget\" data-widget_type=\"image.default\">\n\t\t\t\t<div class=\"elementor-widget-container\">\n\t\t\t\t\t\t\t\t\t\t\t\t\t\t\t<img fetchpriority=\"high\" decoding=\"async\" width=\"294\" height=\"173\" src=\"https:\/\/influencesuite.com\/wp-content\/uploads\/2024\/02\/logo-influencesuite-hero.png\" class=\"attachment-large size-large wp-image-66\" alt=\"\">\t\t\t\t\t\t\t\t\t\t\t\t\t\t\t<\/div>\n\t\t\t\t<\/div>\n\t\t\t\t\t<\/div>\n\t\t\t\t<\/div>\n\t\t<div class=\"elementor-element elementor-element-112bfd7 e-flex e-con-boxed wpr-particle-no wpr-jarallax-no wpr-parallax-no wpr-sticky-section-no e-con e-child\" data-id=\"112bfd7\" data-element_type=\"container\" data-e-type=\"container\">\n\t\t\t\t\t<div class=\"e-con-inner\">\n\t\t\t\t<div class=\"elementor-element elementor-element-e385199 elementor-widget elementor-widget-heading\" data-id=\"e385199\" data-element_type=\"widget\" data-e-type=\"widget\" data-widget_type=\"heading.default\">\n\t\t\t\t<div class=\"elementor-widget-container\">\n\t\t\t\t\t<h1 class=\"elementor-heading-title elementor-size-default\">Quem somos?<\/h1>\t\t\t\t<\/div>\n\t\t\t\t<\/div>\n\t\t\t\t<div class=\"elementor-element elementor-element-f81e0e1 elementor-widget elementor-widget-text-editor\" data-id=\"f81e0e1\" data-element_type=\"widget\" data-e-type=\"widget\" data-widget_type=\"text-editor.default\">\n\t\t\t\t<div class=\"elementor-widget-container\">\n\t\t\t\t\t\t\t\t\tOuvimos, analisamos e damos a melhor solu\u00e7\u00e3o para cada projeto.\t\t\t\t\t\t\t\t<\/div>\n\t\t\t\t<\/div>\n\t\t\t\t\t<\/div>\n\t\t\t\t<\/div>\n\t\t\t\t<\/div>\n\t\t\t\t<\/div>\n\t\t<div class=\"elementor-element elementor-element-edbe446 e-con-full e-flex wpr-particle-no wpr-jarallax-no wpr-parallax-no wpr-sticky-section-no e-con e-child\" data-id=\"edbe446\" data-element_type=\"container\" data-e-type=\"container\">\n\t\t<div class=\"elementor-element elementor-element-3a97691 e-flex e-con-boxed wpr-particle-no wpr-jarallax-no wpr-parallax-no wpr-sticky-section-no e-con e-child\" data-id=\"3a97691\" data-element_type=\"container\" data-e-type=\"container\">\n\t\t\t\t\t<div class=\"e-con-inner\">\n\t\t<div class=\"elementor-element elementor-element-4c40253 e-con-full e-flex wpr-particle-no wpr-jarallax-no wpr-parallax-no wpr-sticky-section-no e-con e-child\" data-id=\"4c40253\" data-element_type=\"container\" data-e-type=\"container\">\n\t\t\t\t<div class=\"elementor-element elementor-element-aa721c8 highlight elementor-invisible elementor-widget elementor-widget-text-editor\" data-id=\"aa721c8\" data-element_type=\"widget\" data-e-type=\"widget\" data-settings=\"{&quot;_animation&quot;:&quot;fadeInDown&quot;,&quot;_animation_mobile&quot;:&quot;fadeInDown&quot;}\" data-widget_type=\"text-editor.default\">\n\t\t\t\t<div class=\"elementor-widget-container\">\n\t\t\t\t\t\t\t\t\tOrientamo-nos pela honestidade, transpar\u00eancia, confidencialidade, integridade e excel\u00eancia.\t\t\t\t\t\t\t\t<\/div>\n\t\t\t\t<\/div>\n\t\t\t\t<\/div>\n\t\t<div class=\"elementor-element elementor-element-ecea91f e-con-full e-flex wpr-particle-no wpr-jarallax-no wpr-parallax-no wpr-sticky-section-no e-con e-child\" data-id=\"ecea91f\" data-element_type=\"container\" data-e-type=\"container\">\n\t\t\t\t<div class=\"elementor-element elementor-element-d300f34 elementor-invisible elementor-widget elementor-widget-heading\" data-id=\"d300f34\" data-element_type=\"widget\" data-e-type=\"widget\" data-settings=\"{&quot;_animation&quot;:&quot;fadeInRight&quot;,&quot;_animation_mobile&quot;:&quot;fadeInLeft&quot;}\" data-widget_type=\"heading.default\">\n\t\t\t\t<div class=\"elementor-widget-container\">\n\t\t\t\t\t<h2 class=\"elementor-heading-title elementor-size-default\">SOMOS<\/h2>\t\t\t\t<\/div>\n\t\t\t\t<\/div>\n\t\t\t\t<div class=\"elementor-element elementor-element-84165a3 elementor-invisible elementor-widget elementor-widget-text-editor\" data-id=\"84165a3\" data-element_type=\"widget\" data-e-type=\"widget\" data-settings=\"{&quot;_animation&quot;:&quot;fadeInRight&quot;,&quot;_animation_mobile&quot;:&quot;fadeInRight&quot;}\" data-widget_type=\"text-editor.default\">\n\t\t\t\t<div class=\"elementor-widget-container\">\n\t\t\t\t\t\t\t\t\t<p>Uma equipa entusiasta! Somos movidos por uma paix\u00e3o pela comunica\u00e7\u00e3o e pelas novas tend\u00eancias.  Temos mais de 20 anos de experi\u00eancia no planeamento e execu\u00e7\u00e3o de campanhas de comunica\u00e7\u00e3o para grandes empresas internacionais e start-ups locais. Somos <strong>\u00e1geis, flex\u00edveis, entusiastas e proactivos.<\/strong><\/p><p>Somos obcecados pela qualidade e pela aten\u00e7\u00e3o aos detalhes. <strong>Inconformistas e curiosos,<\/strong> damos sempre um toque adicional a cada solu\u00e7\u00e3o.<\/p>\t\t\t\t\t\t\t\t<\/div>\n\t\t\t\t<\/div>\n\t\t\t\t<\/div>\n\t\t\t\t\t<\/div>\n\t\t\t\t<\/div>\n\t\t\t\t<\/div>\n\t\t<div class=\"elementor-element elementor-element-dc484f4 e-con-full e-flex wpr-particle-no wpr-jarallax-no wpr-parallax-no wpr-sticky-section-no e-con e-child\" data-id=\"dc484f4\" data-element_type=\"container\" data-e-type=\"container\" data-settings=\"{&quot;background_background&quot;:&quot;classic&quot;}\">\n\t\t<div class=\"elementor-element elementor-element-5dd22af e-con-full e-flex wpr-particle-no wpr-jarallax-no wpr-parallax-no wpr-sticky-section-no e-con e-child\" data-id=\"5dd22af\" data-element_type=\"container\" data-e-type=\"container\">\n\t\t\t\t<div class=\"elementor-element elementor-element-4f56d11 elementor-widget elementor-widget-heading\" data-id=\"4f56d11\" data-element_type=\"widget\" data-e-type=\"widget\" data-widget_type=\"heading.default\">\n\t\t\t\t<div class=\"elementor-widget-container\">\n\t\t\t\t\t<h2 class=\"elementor-heading-title elementor-size-default\">EQUIPA DE GEST\u00c3O<\/h2>\t\t\t\t<\/div>\n\t\t\t\t<\/div>\n\t\t\t\t<\/div>\n\t\t<div class=\"elementor-element elementor-element-b4edca0 e-flex e-con-boxed wpr-particle-no wpr-jarallax-no wpr-parallax-no wpr-sticky-section-no e-con e-child\" data-id=\"b4edca0\" data-element_type=\"container\" data-e-type=\"container\">\n\t\t\t\t\t<div class=\"e-con-inner\">\n\t\t<div class=\"elementor-element elementor-element-02b5fad e-con-full e-flex wpr-particle-no wpr-jarallax-no wpr-parallax-no wpr-sticky-section-no e-con e-child\" data-id=\"02b5fad\" data-element_type=\"container\" data-e-type=\"container\">\n\t\t\t\t<div class=\"elementor-element elementor-element-1152c53 elementor-widget elementor-widget-image\" data-id=\"1152c53\" data-element_type=\"widget\" data-e-type=\"widget\" data-widget_type=\"image.default\">\n\t\t\t\t<div class=\"elementor-widget-container\">\n\t\t\t\t\t\t\t\t\t\t\t\t\t\t\t<img decoding=\"async\" width=\"150\" height=\"150\" src=\"https:\/\/influencesuite.com\/wp-content\/uploads\/2024\/02\/Laura-Esteban-Directora-General-InfluenceSuite-HR-Horizontal-150x150.png\" class=\"attachment-thumbnail size-thumbnail wp-image-656\" alt=\"\">\t\t\t\t\t\t\t\t\t\t\t\t\t\t\t<\/div>\n\t\t\t\t<\/div>\n\t\t\t\t<div class=\"elementor-element elementor-element-84b3cc0 elementor-widget elementor-widget-heading\" data-id=\"84b3cc0\" data-element_type=\"widget\" data-e-type=\"widget\" data-widget_type=\"heading.default\">\n\t\t\t\t<div class=\"elementor-widget-container\">\n\t\t\t\t\t<h2 class=\"elementor-heading-title elementor-size-default\">LAURA ESTEBAN<\/h2>\t\t\t\t<\/div>\n\t\t\t\t<\/div>\n\t\t\t\t<div class=\"elementor-element elementor-element-f068037 highlight elementor-widget elementor-widget-text-editor\" data-id=\"f068037\" data-element_type=\"widget\" data-e-type=\"widget\" data-widget_type=\"text-editor.default\">\n\t\t\t\t<div class=\"elementor-widget-container\">\n\t\t\t\t\t\t\t\t\t<p><strong>CEO - Diretor Geral<\/strong><\/p>\t\t\t\t\t\t\t\t<\/div>\n\t\t\t\t<\/div>\n\t\t\t\t<div class=\"elementor-element elementor-element-9aad708 elementor-widget elementor-widget-text-editor\" data-id=\"9aad708\" data-element_type=\"widget\" data-e-type=\"widget\" data-widget_type=\"text-editor.default\">\n\t\t\t\t<div class=\"elementor-widget-container\">\n\t\t\t\t\t\t\t\t\t<p>Com mais de duas d\u00e9cadas de experi\u00eancia na ind\u00fastria da comunica\u00e7\u00e3o, afirmou-se como especialista em diferentes \u00e1reas, neste setor. As suas compet\u00eancias incluem a capacidade de definir climas organizacionais, articular estrat\u00e9gias inovadoras, gerir recursos de forma eficiente, promover o desenvolvimento de equipas e cultivar rela\u00e7\u00f5es comerciais estrat\u00e9gicas.<\/p><p>A sua abordagem integrada da gest\u00e3o da comunica\u00e7\u00e3o permitiu-lhe liderar com sucesso iniciativas em diversos sectores, como a alimenta\u00e7\u00e3o, a sa\u00fade, o imobili\u00e1rio, a restaura\u00e7\u00e3o, a inf\u00e2ncia, a beleza e o turismo, entre outros, o que reflecte a sua versatilidade e vis\u00e3o estrat\u00e9gica.<\/p><p>Com uma forte capacidade de colabora\u00e7\u00e3o interdisciplinar, caracteriza-se pela proatividade,  pela aprendizagem cont\u00ednua e pela  capacidade de inovar e executar ideias. O seu compromisso com a excel\u00eancia, a criatividade aplicada e a meticulosidade em cada projeto s\u00e3o as marcas da sua integridade profissional.<\/p><p>No campo acad\u00e9mico, \u00e9 licenciada em Gest\u00e3o e Administra\u00e7\u00e3o de Empresas no Sector do Turismo, com especializa\u00e7\u00e3o em Gest\u00e3o Hoteleira. A sua forma\u00e7\u00e3o foi complementada com um mestrado em Publicidade e Comunica\u00e7\u00e3o pela ESIC Business School, uma institui\u00e7\u00e3o reconhecida pela sua excel\u00eancia pedag\u00f3gica e abordagem inovadora.<\/p><p>O seu empenho na forma\u00e7\u00e3o cont\u00ednua e na excel\u00eancia profissional levou-o a frequentar v\u00e1rios cursos de especializa\u00e7\u00e3o. Assim, ampliou os seus conhecimentos em estrat\u00e9gias de marketing digital e campanhas transm\u00e9dia atrav\u00e9s de programas ministrados pelo IAB, e aprofundou os seus conhecimentos na compreens\u00e3o e aplica\u00e7\u00e3o da IA na gera\u00e7\u00e3o de conte\u00fados aplicados \u00e0s diferentes vertentes da comunica\u00e7\u00e3o atrav\u00e9s de um curso ministrado pelo Growth Hacking Course, demonstrando assim a sua adaptabilidade e orienta\u00e7\u00e3o para o futuro num ambiente empresarial e num sector da comunica\u00e7\u00e3o em constante evolu\u00e7\u00e3o.<\/p><p><strong>M. +34 649 069 684<\/strong><br \/><strong>E. laura.esteban@influencesuite.com<\/strong><\/p>\t\t\t\t\t\t\t\t<\/div>\n\t\t\t\t<\/div>\n\t\t\t\t<\/div>\n\t\t<div class=\"elementor-element elementor-element-ca9bd62 e-con-full e-flex wpr-particle-no wpr-jarallax-no wpr-parallax-no wpr-sticky-section-no e-con e-child\" data-id=\"ca9bd62\" data-element_type=\"container\" data-e-type=\"container\">\n\t\t\t\t<div class=\"elementor-element elementor-element-1678624 elementor-widget elementor-widget-image\" data-id=\"1678624\" data-element_type=\"widget\" data-e-type=\"widget\" data-widget_type=\"image.default\">\n\t\t\t\t<div class=\"elementor-widget-container\">\n\t\t\t\t\t\t\t\t\t\t\t\t\t\t\t<img decoding=\"async\" width=\"150\" height=\"150\" src=\"https:\/\/influencesuite.com\/wp-content\/uploads\/2024\/02\/Ana-Paula-Salgueiro-150x150.jpeg\" class=\"attachment-thumbnail size-thumbnail wp-image-657\" alt=\"\">\t\t\t\t\t\t\t\t\t\t\t\t\t\t\t<\/div>\n\t\t\t\t<\/div>\n\t\t\t\t<div class=\"elementor-element elementor-element-c74f116 elementor-widget elementor-widget-heading\" data-id=\"c74f116\" data-element_type=\"widget\" data-e-type=\"widget\" data-widget_type=\"heading.default\">\n\t\t\t\t<div class=\"elementor-widget-container\">\n\t\t\t\t\t<h2 class=\"elementor-heading-title elementor-size-default\">ANA PAULA SALGUEIRO<\/h2>\t\t\t\t<\/div>\n\t\t\t\t<\/div>\n\t\t\t\t<div class=\"elementor-element elementor-element-5b3cc09 highlight elementor-widget elementor-widget-text-editor\" data-id=\"5b3cc09\" data-element_type=\"widget\" data-e-type=\"widget\" data-widget_type=\"text-editor.default\">\n\t\t\t\t<div class=\"elementor-widget-container\">\n\t\t\t\t\t\t\t\t\t<p><strong>Diretora Geral  Portugal<\/strong><\/p>\t\t\t\t\t\t\t\t<\/div>\n\t\t\t\t<\/div>\n\t\t\t\t<div class=\"elementor-element elementor-element-a2adcaa elementor-widget elementor-widget-text-editor\" data-id=\"a2adcaa\" data-element_type=\"widget\" data-e-type=\"widget\" data-widget_type=\"text-editor.default\">\n\t\t\t\t<div class=\"elementor-widget-container\">\n\t\t\t\t\t\t\t\t\t<p>Ao longo dos anos, acumulou um vasto conjunto de compet\u00eancias multiculturais, em distintos ambientes de trabalho, gra\u00e7as a uma s\u00f3lida experi\u00eancia internacional adquirida atrav\u00e9s da gest\u00e3o, implementa\u00e7\u00e3o e supervis\u00e3o de v\u00e1rios projetos de comunica\u00e7\u00e3o, em pa\u00edses europeus e africanos.<\/p><p>Considera que a comunica\u00e7\u00e3o \u00e9 um poderoso instrumento de gest\u00e3o. Carateriza-se pelo pragmatismo e rigor que imprime na  an\u00e1lise, no diagn\u00f3stico e na defini\u00e7\u00e3o da estrat\u00e9gia  de comunica\u00e7\u00e3o a desenvolver, para que os resultados excedam os objetivos. A sua experi\u00eancia centra-se, principalmente, nas rela\u00e7\u00f5es com os meios de comunica\u00e7\u00e3o social,  public affairs, gest\u00e3o da comunica\u00e7\u00e3o de crise, na forma\u00e7\u00e3o de porta-vozes, comunica\u00e7\u00e3o corporativa, financeira e desenvolvimento sustent\u00e1vel.<\/p><p>\u00c9 licenciada em Rela\u00e7\u00f5es P\u00fablicas e Publicidade pelo Instituto de Novas Profiss\u00f5es, (INP), Lisboa. Ao longo dos anos, tem participado em diversos workshops, confer\u00eancias e congressos como oradora, para intervir sobre diversos aspetos fundamentais da assessoria de comunica\u00e7\u00e3o.<\/p><p><strong>M. +351 93 396 64 29<\/strong><br \/><strong>E. ana.salgueiro@influencesuite.com<\/strong><\/p>\t\t\t\t\t\t\t\t<\/div>\n\t\t\t\t<\/div>\n\t\t\t\t<\/div>\n\t\t\t\t\t<\/div>\n\t\t\t\t<\/div>\n\t\t\t\t<\/div>\n\t\t\t\t<\/div>\n\t\t\t\t<\/div>","protected":false},"excerpt":{"rendered":"<p>Quem somos? Ouvimos, analisamos e damos a melhor solu\u00e7\u00e3o para cada projeto, pautando-nos pela honestidade, transpar\u00eancia, confidencialidade, integridade e excel\u00eancia. SOMOS... ...uma equipa entusiasta. Somos movidos pela paix\u00e3o pela comunica\u00e7\u00e3o e pelas novas tend\u00eancias, com mais de 20 anos de experi\u00eancia no planeamento e execu\u00e7\u00e3o de campanhas de comunica\u00e7\u00e3o para grandes empresas internacionais e start-ups locais. Somos \u00e1geis, flex\u00edveis, entusiastas e proactivos. Apostamos na qualidade e na aten\u00e7\u00e3o ao pormenor. N\u00e3o-conformistas e curiosos, damos sempre um toque extra a cada solu\u00e7\u00e3o. EQUIPA DE GEST\u00c3O LAURA ESTEBAN CEO - Diretora Geral Com uma carreira de mais de duas d\u00e9cadas no dom\u00ednio da comunica\u00e7\u00e3o, afirmou-se como especialista nas diferentes \u00e1reas deste dom\u00ednio. As suas compet\u00eancias incluem a capacidade de definir climas organizacionais, articular estrat\u00e9gias inovadoras, gerir recursos de forma eficiente, promover o desenvolvimento de equipas e cultivar rela\u00e7\u00f5es comerciais estrat\u00e9gicas. A sua abordagem integradora da gest\u00e3o da comunica\u00e7\u00e3o permitiu-lhe liderar com sucesso iniciativas em diversos sectores, como a alimenta\u00e7\u00e3o, a sa\u00fade, o imobili\u00e1rio, a restaura\u00e7\u00e3o, a inf\u00e2ncia, a beleza e o turismo, entre outros, o que reflecte a sua versatilidade e vis\u00e3o estrat\u00e9gica. Com uma forte capacidade de colabora\u00e7\u00e3o interdisciplinar, caracteriza-se pela sua proactividade, a sua capacidade de aprendizagem cont\u00ednua e a sua capacidade de inovar e executar ideias. O seu compromisso com a excel\u00eancia, a criatividade aplicada e a meticulosidade em cada projeto s\u00e3o as marcas da sua integridade profissional. A n\u00edvel acad\u00e9mico, \u00e9 licenciada em Gest\u00e3o e Administra\u00e7\u00e3o de Empresas Tur\u00edsticas, com especializa\u00e7\u00e3o em gest\u00e3o hoteleira. A sua forma\u00e7\u00e3o foi complementada com um mestrado em Publicidade e Comunica\u00e7\u00e3o pela ESIC Business School, uma institui\u00e7\u00e3o reconhecida pela sua excel\u00eancia pedag\u00f3gica e abordagem inovadora. O seu empenho na forma\u00e7\u00e3o cont\u00ednua e na excel\u00eancia profissional levou-o a frequentar v\u00e1rios cursos de especializa\u00e7\u00e3o. Assim, ampliou os seus conhecimentos em estrat\u00e9gias de marketing digital e campanhas transm\u00e9dia atrav\u00e9s de programas ministrados pelo IAB, e aprofundou os seus conhecimentos na compreens\u00e3o e aplica\u00e7\u00e3o da IA na gera\u00e7\u00e3o de conte\u00fados aplicados aos diferentes aspectos da comunica\u00e7\u00e3o atrav\u00e9s de um curso ministrado pelo Growth Hacking Course, demonstrando assim a sua adaptabilidade e orienta\u00e7\u00e3o para o futuro num ambiente empresarial e num sector de comunica\u00e7\u00e3o em constante evolu\u00e7\u00e3o. M. +34 649 069 684E. laura.esteban@influencesuite.com ANA PAULA SALGUEIRO Portugal Office Manager Ao longo dos anos, acumulou um vasto conjunto de compet\u00eancias multiculturais em diversos ambientes de trabalho, gra\u00e7as a uma s\u00f3lida experi\u00eancia internacional adquirida atrav\u00e9s da gest\u00e3o, implementa\u00e7\u00e3o e supervis\u00e3o de v\u00e1rios projectos em pa\u00edses europeus e africanos. A sua an\u00e1lise, diagn\u00f3stico e estrat\u00e9gia pragm\u00e1ticos e precisos permitiram-lhe desenvolver com \u00eaxito estrat\u00e9gias de comunica\u00e7\u00e3o que respondem \u00e0s necessidades do cliente e ultrapassam os seus principais objectivos. A sua experi\u00eancia centra-se principalmente nas rela\u00e7\u00f5es com os meios de comunica\u00e7\u00e3o social, assuntos p\u00fablicos, gest\u00e3o da comunica\u00e7\u00e3o de crises, forma\u00e7\u00e3o dos meios de comunica\u00e7\u00e3o social e actividades de desenvolvimento sustent\u00e1vel. \u00c9 licenciada em Rela\u00e7\u00f5es P\u00fablicas e Publicidade pelo Instituto de Novas Profiss\u00f5es de Lisboa. Ao longo dos anos, tem participado em diversos workshops, confer\u00eancias e congressos como oradora, abrangendo v\u00e1rios activos-chave da assessoria de comunica\u00e7\u00e3o. M. +351 93 396 64 29E. ana.salgueiro@influencesuite.com<\/p>","protected":false},"author":1,"featured_media":0,"parent":0,"menu_order":2,"comment_status":"closed","ping_status":"closed","template":"","meta":{"site-sidebar-layout":"no-sidebar","site-content-layout":"","ast-site-content-layout":"full-width-container","site-content-style":"default","site-sidebar-style":"default","ast-global-header-display":"","ast-banner-title-visibility":"","ast-main-header-display":"","ast-hfb-above-header-display":"","ast-hfb-below-header-display":"","ast-hfb-mobile-header-display":"","site-post-title":"disabled","ast-breadcrumbs-content":"","ast-featured-img":"disabled","footer-sml-layout":"","ast-disable-related-posts":"","theme-transparent-header-meta":"","adv-header-id-meta":"","stick-header-meta":"","header-above-stick-meta":"","header-main-stick-meta":"","header-below-stick-meta":"","astra-migrate-meta-layouts":"default","ast-page-background-enabled":"default","ast-page-background-meta":{"desktop":{"background-color":"var(--ast-global-color-4)","background-image":"","background-repeat":"repeat","background-position":"center center","background-size":"auto","background-attachment":"scroll","background-type":"","background-media":"","overlay-type":"","overlay-color":"","overlay-opacity":"","overlay-gradient":""},"tablet":{"background-color":"","background-image":"","background-repeat":"repeat","background-position":"center center","background-size":"auto","background-attachment":"scroll","background-type":"","background-media":"","overlay-type":"","overlay-color":"","overlay-opacity":"","overlay-gradient":""},"mobile":{"background-color":"","background-image":"","background-repeat":"repeat","background-position":"center center","background-size":"auto","background-attachment":"scroll","background-type":"","background-media":"","overlay-type":"","overlay-color":"","overlay-opacity":"","overlay-gradient":""}},"ast-content-background-meta":{"desktop":{"background-color":"var(--ast-global-color-5)","background-image":"","background-repeat":"repeat","background-position":"center center","background-size":"auto","background-attachment":"scroll","background-type":"","background-media":"","overlay-type":"","overlay-color":"","overlay-opacity":"","overlay-gradient":""},"tablet":{"background-color":"var(--ast-global-color-5)","background-image":"","background-repeat":"repeat","background-position":"center center","background-size":"auto","background-attachment":"scroll","background-type":"","background-media":"","overlay-type":"","overlay-color":"","overlay-opacity":"","overlay-gradient":""},"mobile":{"background-color":"var(--ast-global-color-5)","background-image":"","background-repeat":"repeat","background-position":"center center","background-size":"auto","background-attachment":"scroll","background-type":"","background-media":"","overlay-type":"","overlay-color":"","overlay-opacity":"","overlay-gradient":""}},"footnotes":""},"categories":[],"class_list":["post-33","page","type-page","status-publish","hentry"],"_links":{"self":[{"href":"https:\/\/influencesuite.com\/pt\/wp-json\/wp\/v2\/pages\/33","targetHints":{"allow":["GET"]}}],"collection":[{"href":"https:\/\/influencesuite.com\/pt\/wp-json\/wp\/v2\/pages"}],"about":[{"href":"https:\/\/influencesuite.com\/pt\/wp-json\/wp\/v2\/types\/page"}],"author":[{"embeddable":true,"href":"https:\/\/influencesuite.com\/pt\/wp-json\/wp\/v2\/users\/1"}],"replies":[{"embeddable":true,"href":"https:\/\/influencesuite.com\/pt\/wp-json\/wp\/v2\/comments?post=33"}],"version-history":[{"count":0,"href":"https:\/\/influencesuite.com\/pt\/wp-json\/wp\/v2\/pages\/33\/revisions"}],"wp:attachment":[{"href":"https:\/\/influencesuite.com\/pt\/wp-json\/wp\/v2\/media?parent=33"}],"wp:term":[{"taxonomy":"category","embeddable":true,"href":"https:\/\/influencesuite.com\/pt\/wp-json\/wp\/v2\/categories?post=33"}],"curies":[{"name":"wp","href":"https:\/\/api.w.org\/{rel}","templated":true}]}}