{"id":2151,"date":"2024-02-19T20:50:23","date_gmt":"2024-02-19T19:50:23","guid":{"rendered":"https:\/\/influencesuite.ncayasociados.com\/?page_id=2151"},"modified":"2024-02-19T20:52:49","modified_gmt":"2024-02-19T19:52:49","slug":"politica-de-cookies","status":"publish","type":"page","link":"https:\/\/influencesuite.com\/pt\/politica-de-cookies\/","title":{"rendered":"Pol\u00edtica de cookies"},"content":{"rendered":"<div data-elementor-type=\"wp-page\" data-elementor-id=\"2151\" class=\"elementor elementor-2151\" data-elementor-post-type=\"page\">\n\t\t\t\t<div class=\"elementor-element elementor-element-2495017 e-con-full e-flex wpr-particle-no wpr-jarallax-no wpr-parallax-no wpr-sticky-section-no e-con e-parent\" data-id=\"2495017\" data-element_type=\"container\" data-e-type=\"container\">\n\t\t<div class=\"elementor-element elementor-element-4f74cea e-con-full e-flex wpr-particle-no wpr-jarallax-no wpr-parallax-no wpr-sticky-section-no e-con e-child\" data-id=\"4f74cea\" data-element_type=\"container\" data-e-type=\"container\">\n\t\t<div class=\"elementor-element elementor-element-3469307 e-flex e-con-boxed wpr-particle-no wpr-jarallax-no wpr-parallax-no wpr-sticky-section-no e-con e-child\" data-id=\"3469307\" data-element_type=\"container\" data-e-type=\"container\">\n\t\t\t\t\t<div class=\"e-con-inner\">\n\t\t\t\t<div class=\"elementor-element elementor-element-3c4f57d elementor-widget elementor-widget-heading\" data-id=\"3c4f57d\" data-element_type=\"widget\" data-e-type=\"widget\" data-widget_type=\"heading.default\">\n\t\t\t\t<div class=\"elementor-widget-container\">\n\t\t\t\t\t<h2 class=\"elementor-heading-title elementor-size-default\">POL\u00cdTICA DE COOKIES <\/h2>\t\t\t\t<\/div>\n\t\t\t\t<\/div>\n\t\t\t\t<div class=\"elementor-element elementor-element-029ac39 elementor-widget elementor-widget-text-editor\" data-id=\"029ac39\" data-element_type=\"widget\" data-e-type=\"widget\" data-widget_type=\"text-editor.default\">\n\t\t\t\t<div class=\"elementor-widget-container\">\n\t\t\t\t\t\t\t\t\t<p><b><span data-contrast=\"auto\">www.influencesuite.com<\/span><\/b><span data-ccp-props=\"{&quot;201341983&quot;:0,&quot;335559739&quot;:160,&quot;335559740&quot;:259}\">\u00a0<\/span><\/p><p><span data-contrast=\"auto\">O acesso a este s\u00edtio Web pode implicar a utiliza\u00e7\u00e3o de cookies. Os cookies s\u00e3o pequenas quantidades de informa\u00e7\u00e3o que s\u00e3o armazenadas no browser utilizado por cada Utilizador - nos diferentes dispositivos que podem ser utilizados para navegar - para que o servidor se lembre de determinadas informa\u00e7\u00f5es que ser\u00e3o posteriormente lidas apenas pelo servidor que as implementou. Os cookies tornam a navega\u00e7\u00e3o mais f\u00e1cil, mais convivial e n\u00e3o danificam o dispositivo de navega\u00e7\u00e3o.<\/span><span data-ccp-props=\"{&quot;201341983&quot;:0,&quot;335559739&quot;:160,&quot;335559740&quot;:259}\">\u00a0<\/span><\/p><p><span data-contrast=\"auto\">Os cookies s\u00e3o procedimentos autom\u00e1ticos de recolha de informa\u00e7\u00f5es relativas \u00e0s prefer\u00eancias determinadas pelo Utilizador durante a sua visita ao S\u00edtio Web, a fim de o reconhecer como Utilizador e de personalizar a sua experi\u00eancia e utiliza\u00e7\u00e3o do S\u00edtio Web, podendo tamb\u00e9m, por exemplo, ajudar a identificar e resolver erros.<\/span><span data-ccp-props=\"{&quot;201341983&quot;:0,&quot;335559739&quot;:160,&quot;335559740&quot;:259}\">\u00a0<\/span><\/p><p><span data-contrast=\"auto\">As informa\u00e7\u00f5es recolhidas atrav\u00e9s dos cookies podem incluir a data e a hora das visitas ao s\u00edtio Web, as p\u00e1ginas visualizadas, o tempo passado no s\u00edtio Web e os s\u00edtios visitados imediatamente antes e depois do s\u00edtio Web. No entanto, nenhum cookie permite contactar o n\u00famero de telefone do Utilizador ou qualquer outro meio de contacto pessoal. Nenhum cookie pode extrair informa\u00e7\u00f5es do disco r\u00edgido do Utilizador ou roubar informa\u00e7\u00f5es pessoais. A \u00fanica forma de as informa\u00e7\u00f5es privadas do Utilizador fazerem parte do ficheiro Cookie \u00e9 o Utilizador fornecer pessoalmente essas informa\u00e7\u00f5es ao servidor.<\/span><span data-ccp-props=\"{&quot;201341983&quot;:0,&quot;335559739&quot;:160,&quot;335559740&quot;:259}\">\u00a0<\/span><\/p><p><span data-contrast=\"auto\">Os cookies que permitem a identifica\u00e7\u00e3o de uma pessoa s\u00e3o considerados dados pessoais. Por conseguinte, a Pol\u00edtica de Privacidade acima mencionada aplica-se a eles. A este respeito, \u00e9 necess\u00e1rio o consentimento do Utilizador para a utiliza\u00e7\u00e3o de cookies. Este consentimento ser\u00e1 comunicado, com base numa escolha genu\u00edna, oferecida atrav\u00e9s de uma decis\u00e3o afirmativa e positiva, antes do processamento inicial, remov\u00edvel e documentada.<\/span><span data-ccp-props=\"{&quot;201341983&quot;:0,&quot;335559739&quot;:160,&quot;335559740&quot;:259}\">\u00a0<\/span><\/p><p><b><span data-contrast=\"auto\">Bolachas pr\u00f3prias<\/span><\/b><span data-ccp-props=\"{&quot;201341983&quot;:0,&quot;335559739&quot;:160,&quot;335559740&quot;:259}\">\u00a0<\/span><\/p><p><span data-contrast=\"auto\">Trata-se de cookies que s\u00e3o enviados para o computador ou dispositivo do Utilizador e geridos exclusivamente pela InfluenceSuite para o melhor funcionamento do Website. As informa\u00e7\u00f5es recolhidas s\u00e3o utilizadas para melhorar a qualidade do Site e do seu Conte\u00fado e a sua experi\u00eancia enquanto Utilizador. Estes cookies permitem reconhecer o Utilizador como visitante recorrente do S\u00edtio Web e adaptar o conte\u00fado para lhe oferecer conte\u00fados que correspondam \u00e0s suas prefer\u00eancias.<\/span><span data-ccp-props=\"{&quot;201341983&quot;:0,&quot;335559739&quot;:160,&quot;335559740&quot;:259}\">\u00a0<\/span><\/p><p><b><span data-contrast=\"auto\">Cookies de terceiros<\/span><\/b><span data-ccp-props=\"{&quot;201341983&quot;:0,&quot;335559739&quot;:160,&quot;335559740&quot;:259}\">\u00a0<\/span><\/p><p><span data-contrast=\"auto\">Estes cookies s\u00e3o utilizados e geridos por entidades externas que prestam \u00e0 InfluenceSuite servi\u00e7os solicitados pela InfluenceSuite para melhorar o website e a experi\u00eancia do utilizador ao navegar no website. As principais finalidades da utiliza\u00e7\u00e3o de cookies de terceiros s\u00e3o a obten\u00e7\u00e3o de estat\u00edsticas de acesso e a an\u00e1lise da informa\u00e7\u00e3o de navega\u00e7\u00e3o, ou seja, a forma como o Utilizador interage com o Website.<\/span><span data-ccp-props=\"{&quot;201341983&quot;:0,&quot;335559739&quot;:160,&quot;335559740&quot;:259}\">\u00a0<\/span><\/p><p><span data-contrast=\"auto\">As informa\u00e7\u00f5es obtidas referem-se, por exemplo, ao n\u00famero de p\u00e1ginas visitadas, ao idioma, ao local onde se encontra o endere\u00e7o IP a partir do qual o Utilizador acede, ao n\u00famero de Utilizadores que acedem, \u00e0 frequ\u00eancia e recorr\u00eancia das visitas, \u00e0 hora da visita, ao navegador utilizado, ao operador ou ao tipo de dispositivo a partir do qual a visita \u00e9 efectuada. Estas informa\u00e7\u00f5es s\u00e3o utilizadas para melhorar o s\u00edtio Web e detetar novas necessidades, a fim de oferecer aos Utilizadores um Conte\u00fado e\/ou servi\u00e7o de qualidade \u00f3ptima. Em qualquer caso, as informa\u00e7\u00f5es s\u00e3o recolhidas de forma an\u00f3nima e s\u00e3o elaborados relat\u00f3rios sobre as tend\u00eancias do s\u00edtio Web sem identificar os utilizadores individuais.<\/span><span data-ccp-props=\"{&quot;201341983&quot;:0,&quot;335559739&quot;:160,&quot;335559740&quot;:259}\">\u00a0<\/span><\/p><p><span data-contrast=\"auto\">Pode obter mais informa\u00e7\u00f5es sobre cookies, informa\u00e7\u00f5es sobre privacidade ou consultar a descri\u00e7\u00e3o do tipo de cookies utilizados, as suas principais caracter\u00edsticas, o per\u00edodo de validade, etc. na(s) seguinte(s) liga\u00e7\u00e3o(\u00f5es):<\/span><span data-ccp-props=\"{&quot;201341983&quot;:0,&quot;335559739&quot;:160,&quot;335559740&quot;:259}\">\u00a0<\/span><\/p><p><span data-contrast=\"auto\">https:\/\/developers.google.com\/analytics<\/span><span data-ccp-props=\"{&quot;201341983&quot;:0,&quot;335559739&quot;:160,&quot;335559740&quot;:259}\">\u00a0<\/span><\/p><p><span data-contrast=\"auto\">A(s) entidade(s) respons\u00e1vel(eis) pelo fornecimento de cookies pode(m) transferir esta informa\u00e7\u00e3o para terceiros, quando exigido por lei ou quando um terceiro processa esta informa\u00e7\u00e3o para essas entidades.<\/span><span data-ccp-props=\"{&quot;201341983&quot;:0,&quot;335559739&quot;:160,&quot;335559740&quot;:259}\">\u00a0<\/span><\/p><p><b><span data-contrast=\"auto\">Cookies de redes sociais<\/span><\/b><span data-ccp-props=\"{&quot;201341983&quot;:0,&quot;335559739&quot;:160,&quot;335559740&quot;:259}\">\u00a0<\/span><\/p><p><span data-contrast=\"auto\">O InfluenceSuite incorpora plugins de redes sociais, que permitem o acesso a redes sociais a partir do s\u00edtio Web. Por este motivo, os cookies das redes sociais podem ser armazenados no browser do Utilizador. Os propriet\u00e1rios destas redes sociais t\u00eam as suas pr\u00f3prias pol\u00edticas de prote\u00e7\u00e3o de dados e de cookies, sendo eles pr\u00f3prios, em cada caso, respons\u00e1veis pelos seus pr\u00f3prios ficheiros e pelas suas pr\u00f3prias pr\u00e1ticas de privacidade. O Utilizador deve consult\u00e1-las para obter informa\u00e7\u00f5es sobre estes cookies e, se for caso disso, sobre o tratamento dos seus dados pessoais. A t\u00edtulo meramente informativo, indicam-se de seguida as hiperliga\u00e7\u00f5es onde podem ser consultadas estas pol\u00edticas de privacidade e\/ou de cookies:\u00a0<\/span><span data-ccp-props=\"{&quot;201341983&quot;:0,&quot;335559739&quot;:160,&quot;335559740&quot;:259}\">\u00a0<\/span><\/p><ul><li><span data-contrast=\"auto\">Facebook: <\/span><a href=\"https:\/\/www.facebook.com\/policies\/cookies\/\" target=\"_blank\" rel=\"noopener\"><span data-contrast=\"none\">https:\/\/www.facebook.com\/policies\/cookies\/<\/span><\/a><\/li><li><span data-contrast=\"auto\">Twitter: <\/span><a href=\"https:\/\/twitter.com\/es\/privacy\" target=\"_blank\" rel=\"noopener\"><span data-contrast=\"none\">https:\/\/twitter.com\/es\/privacy<\/span><\/a><\/li><li><span data-contrast=\"auto\">Instagram: <\/span><a href=\"https:\/\/help.instagram.com\/1896641480634370?ref=ig\" target=\"_blank\" rel=\"noopener\"><span data-contrast=\"none\">https:\/\/help.instagram.com\/1896641480634370?ref=ig<\/span><\/a><\/li><li><span data-contrast=\"auto\">YouTube: <\/span><a href=\"https:\/\/policies.google.com\/privacy?hl=es-419&amp;gl=mx\" target=\"_blank\" rel=\"noopener\"><span data-contrast=\"none\">https:\/\/policies.google.com\/privacy?hl=es-419&amp;gl=mx<\/span><\/a><\/li><li><span data-contrast=\"auto\">Pinterest: <\/span><a href=\"https:\/\/policy.pinterest.com\/es\/privacy-policy\" target=\"_blank\" rel=\"noopener\"><span data-contrast=\"none\">https:\/\/policy.pinterest.com\/es\/privacy-policy<\/span><\/a><\/li><li><span data-contrast=\"auto\">LinkedIn: <\/span><a href=\"https:\/\/www.linkedin.com\/legal\/cookie-policy?trk=hp-cookies\" target=\"_blank\" rel=\"noopener\"><span data-contrast=\"none\">https:\/\/www.linkedin.com\/legal\/cookie-policy?trk=hp-cookies<\/span><\/a><\/li><\/ul><p><b><span data-contrast=\"auto\">Desativar, rejeitar e apagar cookies<\/span><\/b><span data-ccp-props=\"{&quot;201341983&quot;:0,&quot;335559739&quot;:160,&quot;335559740&quot;:259}\">\u00a0<\/span><\/p><p><span data-contrast=\"auto\">O Utilizador pode desativar, recusar e apagar os cookies - no todo ou em parte - instalados no seu dispositivo atrav\u00e9s da configura\u00e7\u00e3o do seu navegador (incluindo, por exemplo, Chrome, Firefox, Safari, Explorer). A este respeito, os procedimentos de rejei\u00e7\u00e3o e elimina\u00e7\u00e3o de cookies podem diferir de um navegador de Internet para outro. Por conseguinte, o Utilizador deve seguir as instru\u00e7\u00f5es fornecidas pelo navegador de Internet que est\u00e1 a utilizar. No caso de rejeitar a utiliza\u00e7\u00e3o de cookies - total ou parcialmente - o Utilizador pode continuar a utilizar o S\u00edtio Web, embora a utiliza\u00e7\u00e3o de algumas das suas funcionalidades possa ser limitada.<\/span><\/p>\t\t\t\t\t\t\t\t<\/div>\n\t\t\t\t<\/div>\n\t\t\t\t\t<\/div>\n\t\t\t\t<\/div>\n\t\t\t\t<\/div>\n\t\t\t\t<\/div>\n\t\t\t\t<\/div>","protected":false},"excerpt":{"rendered":"<p>POL\u00cdTICA DE COOKIES www.influencesuite.com O acesso a este Website pode implicar a utiliza\u00e7\u00e3o de cookies. Os cookies s\u00e3o pequenas quantidades de informa\u00e7\u00e3o que s\u00e3o armazenadas no browser utilizado por cada Utilizador - nos diferentes dispositivos que podem ser utilizados para navegar - para que o servidor se lembre de determinadas informa\u00e7\u00f5es que ser\u00e3o posteriormente lidas apenas pelo servidor que as implementou. Os cookies tornam a navega\u00e7\u00e3o mais f\u00e1cil, mais convivial e n\u00e3o danificam o dispositivo de navega\u00e7\u00e3o.  Os cookies s\u00e3o procedimentos autom\u00e1ticos de recolha de informa\u00e7\u00f5es relativas \u00e0s prefer\u00eancias determinadas pelo Utilizador durante a sua visita ao S\u00edtio Web, de modo a reconhec\u00ea-lo como Utilizador e a personalizar a sua experi\u00eancia e utiliza\u00e7\u00e3o do S\u00edtio Web, podendo tamb\u00e9m, por exemplo, ajudar a identificar e resolver erros.  As informa\u00e7\u00f5es recolhidas atrav\u00e9s dos cookies podem incluir a data e a hora das visitas ao Web site, as p\u00e1ginas visualizadas, o tempo passado no Web site e os sites visitados imediatamente antes e depois do Web site. No entanto, nenhum cookie permite contactar o n\u00famero de telefone do Utilizador ou qualquer outro meio de contacto pessoal. Nenhum cookie pode extrair informa\u00e7\u00f5es do disco r\u00edgido do Utilizador ou roubar informa\u00e7\u00f5es pessoais. A \u00fanica forma de as informa\u00e7\u00f5es privadas do Utilizador fazerem parte do ficheiro Cookie \u00e9 o Utilizador fornecer pessoalmente essas informa\u00e7\u00f5es ao servidor.  Os cookies que permitem a identifica\u00e7\u00e3o de uma pessoa s\u00e3o considerados dados pessoais. Por conseguinte, a Pol\u00edtica de Privacidade acima mencionada aplica-se a eles. Neste sentido, ser\u00e1 necess\u00e1rio o consentimento do Utilizador para a utiliza\u00e7\u00e3o de cookies. Este consentimento ser\u00e1 comunicado, com base numa escolha genu\u00edna, oferecida atrav\u00e9s de uma decis\u00e3o afirmativa e positiva, antes do tratamento inicial, amov\u00edvel e documentado.  Cookies pr\u00f3prios Trata-se de cookies que s\u00e3o enviados para o computador ou dispositivo do Utilizador e geridos exclusivamente pela InfluenceSuite para o melhor funcionamento do Website. A informa\u00e7\u00e3o recolhida \u00e9 utilizada para melhorar a qualidade do Site e dos seus Conte\u00fados e a sua experi\u00eancia enquanto Utilizador. Estes cookies permitem reconhecer o Utilizador como visitante recorrente do S\u00edtio Web e adaptar o conte\u00fado para lhe oferecer conte\u00fados adaptados \u00e0s suas prefer\u00eancias.  Cookies de terceiros S\u00e3o cookies utilizados e geridos por entidades externas que fornecem \u00e0 InfluenceSuite servi\u00e7os solicitados pela InfluenceSuite para melhorar o Site e a experi\u00eancia do utilizador ao navegar no Site. As principais finalidades para as quais os cookies de terceiros s\u00e3o utilizados s\u00e3o a obten\u00e7\u00e3o de estat\u00edsticas de acesso e a an\u00e1lise da informa\u00e7\u00e3o de navega\u00e7\u00e3o, ou seja, a forma como o Utilizador interage com o Site.  As informa\u00e7\u00f5es obtidas referem-se, por exemplo, ao n\u00famero de p\u00e1ginas visitadas, ao idioma, ao local onde se encontra o endere\u00e7o IP a partir do qual o Utilizador acede, ao n\u00famero de Utilizadores que acedem, \u00e0 frequ\u00eancia e recorr\u00eancia das visitas, \u00e0 hora da visita, ao browser utilizado, ao operador ou ao tipo de dispositivo a partir do qual a visita \u00e9 efectuada. Estas informa\u00e7\u00f5es s\u00e3o utilizadas para melhorar o s\u00edtio Web e detetar novas necessidades, a fim de oferecer aos Utilizadores um Conte\u00fado e\/ou um servi\u00e7o de qualidade \u00f3ptima. Em qualquer caso, as informa\u00e7\u00f5es s\u00e3o recolhidas de forma an\u00f3nima e s\u00e3o elaborados relat\u00f3rios sobre as tend\u00eancias do s\u00edtio Web sem identificar os utilizadores individuais.  Pode obter mais informa\u00e7\u00f5es sobre cookies, informa\u00e7\u00f5es sobre privacidade ou consultar a descri\u00e7\u00e3o do tipo de cookies utilizados, as suas principais carater\u00edsticas, per\u00edodo de validade, etc. na(s) seguinte(s) hiperliga\u00e7\u00e3o(\u00f5es): https:\/\/developers.google.com\/analytics A(s) entidade(s) respons\u00e1vel(eis) pelo fornecimento de cookies pode(m) transferir estas informa\u00e7\u00f5es para terceiros, desde que tal seja exigido por lei ou que um terceiro trate estas informa\u00e7\u00f5es para estas entidades.  Cookies de redes sociais InfluenceSuite incorpora plugins de redes sociais, que permitem o acesso \u00e0s redes sociais a partir do s\u00edtio Web. Por este motivo, os cookies de redes sociais podem ser armazenados no browser do Utilizador. Os propriet\u00e1rios destas redes sociais t\u00eam as suas pr\u00f3prias pol\u00edticas de prote\u00e7\u00e3o de dados e de cookies, sendo eles pr\u00f3prios, em cada caso, respons\u00e1veis pelos seus pr\u00f3prios ficheiros e pelas suas pr\u00f3prias pr\u00e1ticas de privacidade. O Utilizador deve consult\u00e1-las para obter informa\u00e7\u00f5es sobre estes cookies e, se for caso disso, sobre o tratamento dos seus dados pessoais. A t\u00edtulo meramente informativo, indicam-se de seguida as hiperliga\u00e7\u00f5es onde podem ser consultadas estas pol\u00edticas de privacidade e\/ou de cookies:   Facebook: https:\/\/www.facebook.com\/policies\/cookies\/ Twitter: https:\/\/twitter.com\/es\/privacy Instagram: https:\/\/help.instagram.com\/1896641480634370?ref=ig YouTube: https:\/\/policies.google.com\/privacy?hl=es-419&amp;gl=mx Pinterest: https:\/\/policy.pinterest.com\/es\/privacy-policy LinkedIn: https:\/\/www.linkedin.com\/legal\/cookie-policy?trk=hp-cookies Desativa\u00e7\u00e3o, rejei\u00e7\u00e3o e elimina\u00e7\u00e3o de cookies O Utilizador pode desativar, rejeitar e eliminar cookies - total ou parcialmente - instalados no seu dispositivo atrav\u00e9s da configura\u00e7\u00e3o do seu navegador (incluindo, por exemplo, Chrome, Firefox, Safari, Explorer). A este respeito, os procedimentos de rejei\u00e7\u00e3o e elimina\u00e7\u00e3o de cookies podem diferir de um navegador de Internet para outro. Por conseguinte, o Utilizador deve seguir as instru\u00e7\u00f5es fornecidas pelo navegador de Internet que est\u00e1 a utilizar. No caso de rejeitar a utiliza\u00e7\u00e3o de cookies - total ou parcialmente - o Utilizador pode continuar a utilizar o S\u00edtio Web, embora a utiliza\u00e7\u00e3o de algumas das suas funcionalidades possa ser limitada.<\/p>","protected":false},"author":1,"featured_media":0,"parent":0,"menu_order":9,"comment_status":"closed","ping_status":"closed","template":"","meta":{"site-sidebar-layout":"no-sidebar","site-content-layout":"","ast-site-content-layout":"full-width-container","site-content-style":"default","site-sidebar-style":"default","ast-global-header-display":"","ast-banner-title-visibility":"","ast-main-header-display":"","ast-hfb-above-header-display":"","ast-hfb-below-header-display":"","ast-hfb-mobile-header-display":"","site-post-title":"disabled","ast-breadcrumbs-content":"","ast-featured-img":"disabled","footer-sml-layout":"","ast-disable-related-posts":"","theme-transparent-header-meta":"","adv-header-id-meta":"","stick-header-meta":"","header-above-stick-meta":"","header-main-stick-meta":"","header-below-stick-meta":"","astra-migrate-meta-layouts":"default","ast-page-background-enabled":"default","ast-page-background-meta":{"desktop":{"background-color":"var(--ast-global-color-4)","background-image":"","background-repeat":"repeat","background-position":"center center","background-size":"auto","background-attachment":"scroll","background-type":"","background-media":"","overlay-type":"","overlay-color":"","overlay-opacity":"","overlay-gradient":""},"tablet":{"background-color":"","background-image":"","background-repeat":"repeat","background-position":"center center","background-size":"auto","background-attachment":"scroll","background-type":"","background-media":"","overlay-type":"","overlay-color":"","overlay-opacity":"","overlay-gradient":""},"mobile":{"background-color":"","background-image":"","background-repeat":"repeat","background-position":"center center","background-size":"auto","background-attachment":"scroll","background-type":"","background-media":"","overlay-type":"","overlay-color":"","overlay-opacity":"","overlay-gradient":""}},"ast-content-background-meta":{"desktop":{"background-color":"var(--ast-global-color-5)","background-image":"","background-repeat":"repeat","background-position":"center center","background-size":"auto","background-attachment":"scroll","background-type":"","background-media":"","overlay-type":"","overlay-color":"","overlay-opacity":"","overlay-gradient":""},"tablet":{"background-color":"var(--ast-global-color-5)","background-image":"","background-repeat":"repeat","background-position":"center center","background-size":"auto","background-attachment":"scroll","background-type":"","background-media":"","overlay-type":"","overlay-color":"","overlay-opacity":"","overlay-gradient":""},"mobile":{"background-color":"var(--ast-global-color-5)","background-image":"","background-repeat":"repeat","background-position":"center center","background-size":"auto","background-attachment":"scroll","background-type":"","background-media":"","overlay-type":"","overlay-color":"","overlay-opacity":"","overlay-gradient":""}},"footnotes":""},"categories":[],"class_list":["post-2151","page","type-page","status-publish","hentry"],"_links":{"self":[{"href":"https:\/\/influencesuite.com\/pt\/wp-json\/wp\/v2\/pages\/2151","targetHints":{"allow":["GET"]}}],"collection":[{"href":"https:\/\/influencesuite.com\/pt\/wp-json\/wp\/v2\/pages"}],"about":[{"href":"https:\/\/influencesuite.com\/pt\/wp-json\/wp\/v2\/types\/page"}],"author":[{"embeddable":true,"href":"https:\/\/influencesuite.com\/pt\/wp-json\/wp\/v2\/users\/1"}],"replies":[{"embeddable":true,"href":"https:\/\/influencesuite.com\/pt\/wp-json\/wp\/v2\/comments?post=2151"}],"version-history":[{"count":0,"href":"https:\/\/influencesuite.com\/pt\/wp-json\/wp\/v2\/pages\/2151\/revisions"}],"wp:attachment":[{"href":"https:\/\/influencesuite.com\/pt\/wp-json\/wp\/v2\/media?parent=2151"}],"wp:term":[{"taxonomy":"category","embeddable":true,"href":"https:\/\/influencesuite.com\/pt\/wp-json\/wp\/v2\/categories?post=2151"}],"curies":[{"name":"wp","href":"https:\/\/api.w.org\/{rel}","templated":true}]}}