{"id":165,"date":"2024-02-13T13:47:06","date_gmt":"2024-02-13T12:47:06","guid":{"rendered":"https:\/\/influencesuite.ncayasociados.com\/?page_id=165"},"modified":"2024-02-28T09:48:17","modified_gmt":"2024-02-28T08:48:17","slug":"comunicacion-con-prescriptores","status":"publish","type":"page","link":"https:\/\/influencesuite.com\/pt\/servicios\/comunicacion-con-prescriptores\/","title":{"rendered":"Comunica\u00e7\u00e3o com os prescritores"},"content":{"rendered":"<div data-elementor-type=\"wp-page\" data-elementor-id=\"165\" class=\"elementor elementor-165\" data-elementor-post-type=\"page\">\n\t\t\t\t<div class=\"elementor-element elementor-element-1de011a e-con-full e-flex wpr-particle-no wpr-jarallax-no wpr-parallax-no wpr-sticky-section-no e-con e-parent\" data-id=\"1de011a\" data-element_type=\"container\" data-e-type=\"container\">\n\t\t<div class=\"elementor-element elementor-element-ab81592 e-con-full hero e-flex wpr-particle-no wpr-jarallax-no wpr-parallax-no wpr-sticky-section-no e-con e-child\" data-id=\"ab81592\" data-element_type=\"container\" data-e-type=\"container\" data-settings=\"{&quot;background_background&quot;:&quot;classic&quot;}\">\n\t\t<div class=\"elementor-element elementor-element-cf86587 e-flex e-con-boxed wpr-particle-no wpr-jarallax-no wpr-parallax-no wpr-sticky-section-no e-con e-child\" data-id=\"cf86587\" data-element_type=\"container\" data-e-type=\"container\" data-settings=\"{&quot;background_background&quot;:&quot;gradient&quot;}\">\n\t\t\t\t\t<div class=\"e-con-inner\">\n\t\t<div class=\"elementor-element elementor-element-b5012fa e-con-full e-flex wpr-particle-no wpr-jarallax-no wpr-parallax-no wpr-sticky-section-no e-con e-child\" data-id=\"b5012fa\" data-element_type=\"container\" data-e-type=\"container\">\n\t\t\t\t<div class=\"elementor-element elementor-element-3cd9ad9 elementor-widget elementor-widget-heading\" data-id=\"3cd9ad9\" data-element_type=\"widget\" data-e-type=\"widget\" data-widget_type=\"heading.default\">\n\t\t\t\t<div class=\"elementor-widget-container\">\n\t\t\t\t\t<h1 class=\"elementor-heading-title elementor-size-default\">Servi\u00e7os<\/h1>\t\t\t\t<\/div>\n\t\t\t\t<\/div>\n\t\t\t\t<div class=\"elementor-element elementor-element-f3ba7b1 elementor-widget elementor-widget-text-editor\" data-id=\"f3ba7b1\" data-element_type=\"widget\" data-e-type=\"widget\" data-widget_type=\"text-editor.default\">\n\t\t\t\t<div class=\"elementor-widget-container\">\n\t\t\t\t\t\t\t\t\t<p>A nossa abordagem \u00e9 sempre adaptativa e proactiva, antecipando tend\u00eancias e ajustando-se \u00e0 din\u00e2mica de mudan\u00e7a do mercado.<\/p>\t\t\t\t\t\t\t\t<\/div>\n\t\t\t\t<\/div>\n\t\t\t\t<\/div>\n\t\t<div class=\"elementor-element elementor-element-8f62e19 e-con-full e-flex wpr-particle-no wpr-jarallax-no wpr-parallax-no wpr-sticky-section-no e-con e-child\" data-id=\"8f62e19\" data-element_type=\"container\" data-e-type=\"container\">\n\t\t\t\t<div class=\"elementor-element elementor-element-3858ac8 elementor-widget elementor-widget-image\" data-id=\"3858ac8\" data-element_type=\"widget\" data-e-type=\"widget\" data-widget_type=\"image.default\">\n\t\t\t\t<div class=\"elementor-widget-container\">\n\t\t\t\t\t\t\t\t\t\t\t\t\t\t\t<img fetchpriority=\"high\" decoding=\"async\" width=\"294\" height=\"173\" src=\"https:\/\/influencesuite.com\/wp-content\/uploads\/2024\/02\/logo-influencesuite-hero.png\" class=\"attachment-large size-large wp-image-66\" alt=\"\">\t\t\t\t\t\t\t\t\t\t\t\t\t\t\t<\/div>\n\t\t\t\t<\/div>\n\t\t\t\t<\/div>\n\t\t\t\t\t<\/div>\n\t\t\t\t<\/div>\n\t\t\t\t<\/div>\n\t\t<div class=\"elementor-element elementor-element-1bd7805 e-con-full e-flex wpr-particle-no wpr-jarallax-no wpr-parallax-no wpr-sticky-section-no e-con e-child\" data-id=\"1bd7805\" data-element_type=\"container\" data-e-type=\"container\">\n\t\t<div class=\"elementor-element elementor-element-28c45e7 e-flex e-con-boxed wpr-particle-no wpr-jarallax-no wpr-parallax-no wpr-sticky-section-no e-con e-child\" data-id=\"28c45e7\" data-element_type=\"container\" data-e-type=\"container\">\n\t\t\t\t\t<div class=\"e-con-inner\">\n\t\t<div class=\"elementor-element elementor-element-c21cc7e e-con-full e-flex wpr-particle-no wpr-jarallax-no wpr-parallax-no wpr-sticky-section-no e-con e-child\" data-id=\"c21cc7e\" data-element_type=\"container\" data-e-type=\"container\">\n\t\t\t\t<div class=\"elementor-element elementor-element-90c66ef elementor-invisible elementor-widget elementor-widget-heading\" data-id=\"90c66ef\" data-element_type=\"widget\" data-e-type=\"widget\" data-settings=\"{&quot;_animation&quot;:&quot;fadeInLeft&quot;}\" data-widget_type=\"heading.default\">\n\t\t\t\t<div class=\"elementor-widget-container\">\n\t\t\t\t\t<h2 class=\"elementor-heading-title elementor-size-default\">COMUNICA\u00c7\u00c3O COM PRESCRITORES<\/h2>\t\t\t\t<\/div>\n\t\t\t\t<\/div>\n\t\t\t\t<div class=\"elementor-element elementor-element-4238d82 elementor-widget elementor-widget-text-editor\" data-id=\"4238d82\" data-element_type=\"widget\" data-e-type=\"widget\" data-widget_type=\"text-editor.default\">\n\t\t\t\t<div class=\"elementor-widget-container\">\n\t\t\t\t\t\t\t\t\t<p>Transformamos meras campanhas de influenciadores numa arte estrat\u00e9gica, distinguindo-nos num campo saturado atrav\u00e9s de  abordagens \u00fanicas e resultados tang\u00edveis. Somos especialistas em identificar e colaborar com influenciadores digitais e n\u00e3o digitais, criando sinergias que transcendem o simples alcance num\u00e9rico.<\/p>\n\n<p><strong>A nossa filosofia privilegia a qualidade e a pertin\u00eancia em detrimento da quantidade.<\/strong> Entendemos que o verdadeiro poder de um influenciador n\u00e3o reside no seu n\u00famero de seguidores, mas na sua capacidade de atuar como um prescritor de nicho, impactando  autenticamente o p\u00fablico-alvo dos nossos clientes. Quer se trate de uma marca emergente ou de uma empresa consolidada, a nossa capacidade de selecionar o influenciador certo baseia-se numa an\u00e1lise aprofundada da sua afinidade e credibilidade na comunidade onde se insere.<\/p>\n\n<p>Somos especialistas no desenvolvimento de campanhas estrat\u00e9gicas que integram prescritores de forma org\u00e2nica e significativa. Na InfluenceSuite, n\u00e3o nos limitamos a procurar influenciadores, <strong>criamos rela\u00e7\u00f5es de colabora\u00e7\u00e3o baseadas na coer\u00eancia de valores e objetivos.<\/strong> Esta metodologia garante que cada campanha alcance um impacto genu\u00edno e durador, ao longo do tempo.<\/p>\n\n<p>Para al\u00e9m de simples promo\u00e7\u00e3o, as nossas campanhas procuram criar est\u00f3rias e experi\u00eancias que envolvam e inspirem. Utilizamos uma combina\u00e7\u00e3o de an\u00e1lise de dados, criatividade e uma compreens\u00e3o intuitiva do mercado para garantir que cada colabora\u00e7\u00e3o \u00e9 relevante e eficaz.<\/p>\t\t\t\t\t\t\t\t<\/div>\n\t\t\t\t<\/div>\n\t\t\t\t<\/div>\n\t\t<div class=\"elementor-element elementor-element-eb8a307 e-con-full e-flex wpr-particle-no wpr-jarallax-no wpr-parallax-no wpr-sticky-section-no elementor-invisible e-con e-child\" data-id=\"eb8a307\" data-element_type=\"container\" data-e-type=\"container\" data-settings=\"{&quot;animation&quot;:&quot;fadeInRight&quot;}\">\n\t\t\t\t<div class=\"elementor-element elementor-element-16424ba elementor-widget elementor-widget-image\" data-id=\"16424ba\" data-element_type=\"widget\" data-e-type=\"widget\" data-widget_type=\"image.default\">\n\t\t\t\t<div class=\"elementor-widget-container\">\n\t\t\t\t\t\t\t\t\t\t\t\t\t\t\t<img decoding=\"async\" width=\"1024\" height=\"684\" src=\"https:\/\/influencesuite.com\/wp-content\/uploads\/2024\/02\/prescriptores-1024x684.jpg\" class=\"attachment-large size-large wp-image-3320\" alt=\"\" srcset=\"https:\/\/influencesuite.com\/wp-content\/uploads\/2024\/02\/prescriptores-1024x684.jpg 1024w, https:\/\/influencesuite.com\/wp-content\/uploads\/2024\/02\/prescriptores-300x200.jpg 300w, https:\/\/influencesuite.com\/wp-content\/uploads\/2024\/02\/prescriptores-768x513.jpg 768w, https:\/\/influencesuite.com\/wp-content\/uploads\/2024\/02\/prescriptores-1536x1025.jpg 1536w, https:\/\/influencesuite.com\/wp-content\/uploads\/2024\/02\/prescriptores-1320x881.jpg 1320w, https:\/\/influencesuite.com\/wp-content\/uploads\/2024\/02\/prescriptores.jpg 2000w\" sizes=\"(max-width: 1024px) 100vw, 1024px\">\t\t\t\t\t\t\t\t\t\t\t\t\t\t\t<\/div>\n\t\t\t\t<\/div>\n\t\t\t\t<\/div>\n\t\t\t\t\t<\/div>\n\t\t\t\t<\/div>\n\t\t\t\t<\/div>\n\t\t<div class=\"elementor-element elementor-element-63bc8f2 e-con-full e-flex wpr-particle-no wpr-jarallax-no wpr-parallax-no wpr-sticky-section-no e-con e-child\" data-id=\"63bc8f2\" data-element_type=\"container\" data-e-type=\"container\" data-settings=\"{&quot;background_background&quot;:&quot;classic&quot;}\">\n\t\t<div class=\"elementor-element elementor-element-5f7ec9e e-flex e-con-boxed wpr-particle-no wpr-jarallax-no wpr-parallax-no wpr-sticky-section-no e-con e-child\" data-id=\"5f7ec9e\" data-element_type=\"container\" data-e-type=\"container\">\n\t\t\t\t\t<div class=\"e-con-inner\">\n\t\t\t\t<div class=\"elementor-element elementor-element-62a8aab highlight elementor-invisible elementor-widget elementor-widget-text-editor\" data-id=\"62a8aab\" data-element_type=\"widget\" data-e-type=\"widget\" data-settings=\"{&quot;_animation&quot;:&quot;fadeInDown&quot;}\" data-widget_type=\"text-editor.default\">\n\t\t\t\t<div class=\"elementor-widget-container\">\n\t\t\t\t\t\t\t\t\t<p>Ao aliar-se \u00e0 InfluenceSuite para criar a sua estrat\u00e9gia de comunica\u00e7\u00e3o com influenciadores, est\u00e1 a escolher uma ag\u00eancia que n\u00e3o s\u00f3 compreende as complexidades do cen\u00e1rio digital, como tamb\u00e9m sabe como naveg\u00e1-lo com precis\u00e3o e criatividade.<\/p>\t\t\t\t\t\t\t\t<\/div>\n\t\t\t\t<\/div>\n\t\t\t\t\t<\/div>\n\t\t\t\t<\/div>\n\t\t\t\t<\/div>\n\t\t<div class=\"elementor-element elementor-element-d1f85d6 e-con-full e-flex wpr-particle-no wpr-jarallax-no wpr-parallax-no wpr-sticky-section-no e-con e-child\" data-id=\"d1f85d6\" data-element_type=\"container\" data-e-type=\"container\">\n\t\t<div class=\"elementor-element elementor-element-bde9b0d e-flex e-con-boxed wpr-particle-no wpr-jarallax-no wpr-parallax-no wpr-sticky-section-no e-con e-child\" data-id=\"bde9b0d\" data-element_type=\"container\" data-e-type=\"container\">\n\t\t\t\t\t<div class=\"e-con-inner\">\n\t\t<div class=\"elementor-element elementor-element-7404c83 e-con-full e-flex wpr-particle-no wpr-jarallax-no wpr-parallax-no wpr-sticky-section-no e-con e-child\" data-id=\"7404c83\" data-element_type=\"container\" data-e-type=\"container\">\n\t\t\t\t<div class=\"elementor-element elementor-element-89b0a1d elementor-widget elementor-widget-image\" data-id=\"89b0a1d\" data-element_type=\"widget\" data-e-type=\"widget\" data-widget_type=\"image.default\">\n\t\t\t\t<div class=\"elementor-widget-container\">\n\t\t\t\t\t\t\t\t\t\t\t\t\t\t\t<img decoding=\"async\" width=\"1024\" height=\"684\" src=\"https:\/\/influencesuite.com\/wp-content\/uploads\/2024\/02\/herramientas-1024x684.jpg\" class=\"attachment-large size-large wp-image-3150\" alt=\"\" srcset=\"https:\/\/influencesuite.com\/wp-content\/uploads\/2024\/02\/herramientas-1024x684.jpg 1024w, https:\/\/influencesuite.com\/wp-content\/uploads\/2024\/02\/herramientas-300x200.jpg 300w, https:\/\/influencesuite.com\/wp-content\/uploads\/2024\/02\/herramientas-768x513.jpg 768w, https:\/\/influencesuite.com\/wp-content\/uploads\/2024\/02\/herramientas-1536x1025.jpg 1536w, https:\/\/influencesuite.com\/wp-content\/uploads\/2024\/02\/herramientas-1320x881.jpg 1320w, https:\/\/influencesuite.com\/wp-content\/uploads\/2024\/02\/herramientas.jpg 2000w\" sizes=\"(max-width: 1024px) 100vw, 1024px\">\t\t\t\t\t\t\t\t\t\t\t\t\t\t\t<\/div>\n\t\t\t\t<\/div>\n\t\t\t\t<\/div>\n\t\t<div class=\"elementor-element elementor-element-651204f e-con-full e-flex wpr-particle-no wpr-jarallax-no wpr-parallax-no wpr-sticky-section-no e-con e-child\" data-id=\"651204f\" data-element_type=\"container\" data-e-type=\"container\">\n\t\t\t\t<div class=\"elementor-element elementor-element-d91507a elementor-widget elementor-widget-heading\" data-id=\"d91507a\" data-element_type=\"widget\" data-e-type=\"widget\" data-widget_type=\"heading.default\">\n\t\t\t\t<div class=\"elementor-widget-container\">\n\t\t\t\t\t<h2 class=\"elementor-heading-title elementor-size-default\">FERRAMENTAS<\/h2>\t\t\t\t<\/div>\n\t\t\t\t<\/div>\n\t\t\t\t<div class=\"elementor-element elementor-element-01b8a17 tools elementor-invisible elementor-widget elementor-widget-text-editor\" data-id=\"01b8a17\" data-element_type=\"widget\" data-e-type=\"widget\" data-settings=\"{&quot;_animation&quot;:&quot;slideInRight&quot;}\" data-widget_type=\"text-editor.default\">\n\t\t\t\t<div class=\"elementor-widget-container\">\n\t\t\t\t\t\t\t\t\t<ul><li>Campanhas estrat\u00e9gicas com embaixadores da marca<\/li><\/ul>\t\t\t\t\t\t\t\t<\/div>\n\t\t\t\t<\/div>\n\t\t\t\t<div class=\"elementor-element elementor-element-7c31af4 tools elementor-invisible elementor-widget elementor-widget-text-editor\" data-id=\"7c31af4\" data-element_type=\"widget\" data-e-type=\"widget\" data-settings=\"{&quot;_animation&quot;:&quot;slideInRight&quot;,&quot;_animation_delay&quot;:250}\" data-widget_type=\"text-editor.default\">\n\t\t\t\t<div class=\"elementor-widget-container\">\n\t\t\t\t\t\t\t\t\t<ul><li>Campanhas de comunica\u00e7\u00e3o por projeto com celebridades<\/li><\/ul>\t\t\t\t\t\t\t\t<\/div>\n\t\t\t\t<\/div>\n\t\t\t\t<div class=\"elementor-element elementor-element-2a7926a tools elementor-invisible elementor-widget elementor-widget-text-editor\" data-id=\"2a7926a\" data-element_type=\"widget\" data-e-type=\"widget\" data-settings=\"{&quot;_animation&quot;:&quot;slideInRight&quot;,&quot;_animation_delay&quot;:500}\" data-widget_type=\"text-editor.default\">\n\t\t\t\t<div class=\"elementor-widget-container\">\n\t\t\t\t\t\t\t\t\t<ul><li>Campanhas com influenciadores digitais<\/li><\/ul>\t\t\t\t\t\t\t\t<\/div>\n\t\t\t\t<\/div>\n\t\t\t\t<div class=\"elementor-element elementor-element-9ee9c79 tools elementor-invisible elementor-widget elementor-widget-text-editor\" data-id=\"9ee9c79\" data-element_type=\"widget\" data-e-type=\"widget\" data-settings=\"{&quot;_animation&quot;:&quot;slideInRight&quot;,&quot;_animation_delay&quot;:750}\" data-widget_type=\"text-editor.default\">\n\t\t\t\t<div class=\"elementor-widget-container\">\n\t\t\t\t\t\t\t\t\t<ul><li>Colabora\u00e7\u00e3o com especialistas sectoriais para a\u00e7\u00f5es de comunica\u00e7\u00e3o<\/li><\/ul>\t\t\t\t\t\t\t\t<\/div>\n\t\t\t\t<\/div>\n\t\t\t\t<div class=\"elementor-element elementor-element-c232e4e tools elementor-invisible elementor-widget elementor-widget-text-editor\" data-id=\"c232e4e\" data-element_type=\"widget\" data-e-type=\"widget\" data-settings=\"{&quot;_animation&quot;:&quot;slideInRight&quot;,&quot;_animation_delay&quot;:1000}\" data-widget_type=\"text-editor.default\">\n\t\t\t\t<div class=\"elementor-widget-container\">\n\t\t\t\t\t\t\t\t\t<ul>\n \t<li>Campanhas audiovisuais: sess\u00f5es fotogr\u00e1ficas, sess\u00f5es de v\u00eddeo, declara\u00e7\u00f5es, publicidade convencional e digital<\/li>\n<\/ul>\t\t\t\t\t\t\t\t<\/div>\n\t\t\t\t<\/div>\n\t\t\t\t<\/div>\n\t\t\t\t\t<\/div>\n\t\t\t\t<\/div>\n\t\t\t\t<\/div>\n\t\t<div class=\"elementor-element elementor-element-4956128 e-con-full e-flex wpr-particle-no wpr-jarallax-no wpr-parallax-no wpr-sticky-section-no e-con e-child\" data-id=\"4956128\" data-element_type=\"container\" data-e-type=\"container\" data-settings=\"{&quot;background_background&quot;:&quot;classic&quot;}\">\n\t\t<div class=\"elementor-element elementor-element-2d2c220 e-flex e-con-boxed wpr-particle-no wpr-jarallax-no wpr-parallax-no wpr-sticky-section-no e-con e-child\" data-id=\"2d2c220\" data-element_type=\"container\" data-e-type=\"container\">\n\t\t\t\t\t<div class=\"e-con-inner\">\n\t\t<div class=\"elementor-element elementor-element-999e29f e-con-full e-flex wpr-particle-no wpr-jarallax-no wpr-parallax-no wpr-sticky-section-no e-con e-child\" data-id=\"999e29f\" data-element_type=\"container\" data-e-type=\"container\">\n\t\t\t\t<div class=\"elementor-element elementor-element-092a2d7 elementor-widget elementor-widget-heading\" data-id=\"092a2d7\" data-element_type=\"widget\" data-e-type=\"widget\" data-widget_type=\"heading.default\">\n\t\t\t\t<div class=\"elementor-widget-container\">\n\t\t\t\t\t<h3 class=\"elementor-heading-title elementor-size-default\">Estamos aqui para o ajudar<\/h3>\t\t\t\t<\/div>\n\t\t\t\t<\/div>\n\t\t\t\t<div class=\"elementor-element elementor-element-e3ada8e parrafo elementor-widget elementor-widget-text-editor\" data-id=\"e3ada8e\" data-element_type=\"widget\" data-e-type=\"widget\" data-widget_type=\"text-editor.default\">\n\t\t\t\t<div class=\"elementor-widget-container\">\n\t\t\t\t\t\t\t\t\t<p>Contacte-nos!<\/p>\t\t\t\t\t\t\t\t<\/div>\n\t\t\t\t<\/div>\n\t\t\t\t<\/div>\n\t\t<div class=\"elementor-element elementor-element-b4c724b e-con-full e-flex wpr-particle-no wpr-jarallax-no wpr-parallax-no wpr-sticky-section-no e-con e-child\" data-id=\"b4c724b\" data-element_type=\"container\" data-e-type=\"container\">\n\t\t\t\t<div class=\"elementor-element elementor-element-95d8838 elementor-widget elementor-widget-shortcode\" data-id=\"95d8838\" data-element_type=\"widget\" data-e-type=\"widget\" data-widget_type=\"shortcode.default\">\n\t\t\t\t<div class=\"elementor-widget-container\">\n\t\t\t\t\t\t\t<div class=\"elementor-shortcode\">\n<div class=\"wpcf7 no-js\" id=\"wpcf7-f921-o1\" lang=\"es-ES\" dir=\"ltr\" data-wpcf7-id=\"921\">\n<div class=\"screen-reader-response\"><p role=\"status\" aria-live=\"polite\" aria-atomic=\"true\"><\/p> <ul><\/ul><\/div>\n<form action=\"\/pt\/wp-json\/wp\/v2\/pages\/165#wpcf7-f921-o1\" method=\"post\" class=\"wpcf7-form init\" aria-label=\"Formul\u00e1rio de contacto\" novalidate=\"novalidate\" data-status=\"init\" data-trp-original-action=\"\/pt\/wp-json\/wp\/v2\/pages\/165#wpcf7-f921-o1\">\n<fieldset class=\"hidden-fields-container\"><input type=\"hidden\" name=\"_wpcf7\" value=\"921\" \/><input type=\"hidden\" name=\"_wpcf7_version\" value=\"6.1.5\" \/><input type=\"hidden\" name=\"_wpcf7_locale\" value=\"es_ES\" \/><input type=\"hidden\" name=\"_wpcf7_unit_tag\" value=\"wpcf7-f921-o1\" \/><input type=\"hidden\" name=\"_wpcf7_container_post\" value=\"0\" \/><input type=\"hidden\" name=\"_wpcf7_posted_data_hash\" value=\"\" \/><input type=\"hidden\" name=\"_wpcf7_recaptcha_response\" value=\"\" \/>\n<\/fieldset>\n<p><span class=\"wpcf7-form-control-wrap\" data-name=\"your-name\"><input size=\"40\" maxlength=\"400\" class=\"wpcf7-form-control wpcf7-text wpcf7-validates-as-required\" aria-required=\"true\" aria-invalid=\"false\" placeholder=\"Nome\" value=\"\" type=\"text\" name=\"your-name\" \/><\/span>\n<\/p>\n<p><span class=\"wpcf7-form-control-wrap\" data-name=\"your-email\"><input size=\"40\" maxlength=\"400\" class=\"wpcf7-form-control wpcf7-email wpcf7-validates-as-required wpcf7-text wpcf7-validates-as-email\" aria-required=\"true\" aria-invalid=\"false\" placeholder=\"Email\" value=\"\" type=\"email\" name=\"your-email\" \/><\/span>\n<\/p>\n<p><span class=\"wpcf7-form-control-wrap\" data-name=\"message\"><textarea cols=\"10\" rows=\"1\" maxlength=\"2000\" class=\"wpcf7-form-control wpcf7-textarea wpcf7-validates-as-required\" aria-required=\"true\" aria-invalid=\"false\" placeholder=\"Mensagem\" name=\"message\"><\/textarea><\/span>\n<\/p>\n<p><input class=\"wpcf7-form-control wpcf7-submit has-spinner\" type=\"submit\" value=\"Enviar\" \/>\n<\/p><div class=\"wpcf7-response-output\" aria-hidden=\"true\"><\/div>\n<input type=\"hidden\" name=\"trp-form-language\" value=\"pt\"\/><\/form>\n<\/div>\n<\/div>\n\t\t\t\t\t\t<\/div>\n\t\t\t\t<\/div>\n\t\t\t\t<\/div>\n\t\t\t\t\t<\/div>\n\t\t\t\t<\/div>\n\t\t\t\t<\/div>\n\t\t\t\t<\/div>\n\t\t\t\t<\/div>","protected":false},"excerpt":{"rendered":"<p>Servi\u00e7os A nossa abordagem \u00e9 sempre adaptativa e proactiva, antecipando tend\u00eancias e ajustando-nos \u00e0s din\u00e2micas de mercado em constante mudan\u00e7a COMUNICA\u00c7\u00c3O DE INFLUENCIADORES Transformamos meras campanhas de influenciadores numa arte estrat\u00e9gica, distinguindo-nos num campo lotado com abordagens \u00fanicas e resultados tang\u00edveis. Somos especialistas em identificar e colaborar com influenciadores digitais e n\u00e3o digitais, criando sinergias que transcendem o mero alcance num\u00e9rico. A nossa filosofia centra-se na qualidade e na relev\u00e2ncia em detrimento da quantidade. Entendemos que o verdadeiro poder de um influenciador n\u00e3o reside no seu n\u00famero de seguidores, mas na sua capacidade de atuar como um influenciador de nicho, ressoando autenticamente com o p\u00fablico-alvo dos nossos clientes. Quer se trate de uma marca emergente ou de uma empresa estabelecida, a nossa capacidade de selecionar o influenciador certo baseia-se numa an\u00e1lise aprofundada da sua afinidade e credibilidade na sua comunidade. Somos especialistas em desenvolver campanhas estrat\u00e9gicas que integram os influenciadores de forma org\u00e2nica e significativa. Na InfluenceSuite, n\u00e3o nos limitamos a procurar influenciadores, mas criamos rela\u00e7\u00f5es de colabora\u00e7\u00e3o baseadas em valores e objectivos consistentes. Esta metodologia garante que cada campanha tem um impacto genu\u00edno e duradouro ao longo do tempo. Para al\u00e9m da simples promo\u00e7\u00e3o, as nossas campanhas procuram criar hist\u00f3rias e experi\u00eancias que envolvam e inspirem. Utilizamos uma mistura de an\u00e1lise de dados, criatividade e vis\u00e3o intuitiva do mercado para garantir que cada colabora\u00e7\u00e3o seja relevante e eficaz. Ao estabelecer uma parceria com a InfluenceSuite para criar a sua estrat\u00e9gia de comunica\u00e7\u00e3o com influenciadores, est\u00e1 a escolher uma ag\u00eancia que n\u00e3o s\u00f3 compreende as complexidades do cen\u00e1rio digital, mas tamb\u00e9m sabe como navegar nele com precis\u00e3o e criatividade. FERRAMENTAS Campanhas estrat\u00e9gicas com embaixadores de marcas Campanhas de comunica\u00e7\u00e3o projectuais com celebridades Campanhas com influenciadores digitais Colabora\u00e7\u00e3o com especialistas do sector para ac\u00e7\u00f5es de comunica\u00e7\u00e3o Campanhas audiovisuais: sess\u00f5es fotogr\u00e1ficas, sess\u00f5es de v\u00eddeo, declara\u00e7\u00f5es, publicidade convencional e digital... Estamos aqui para o ajudar Contacte-nos!<\/p>","protected":false},"author":1,"featured_media":2865,"parent":36,"menu_order":7,"comment_status":"closed","ping_status":"closed","template":"","meta":{"site-sidebar-layout":"no-sidebar","site-content-layout":"","ast-site-content-layout":"full-width-container","site-content-style":"default","site-sidebar-style":"default","ast-global-header-display":"","ast-banner-title-visibility":"","ast-main-header-display":"","ast-hfb-above-header-display":"","ast-hfb-below-header-display":"","ast-hfb-mobile-header-display":"","site-post-title":"disabled","ast-breadcrumbs-content":"","ast-featured-img":"disabled","footer-sml-layout":"","ast-disable-related-posts":"","theme-transparent-header-meta":"","adv-header-id-meta":"","stick-header-meta":"","header-above-stick-meta":"","header-main-stick-meta":"","header-below-stick-meta":"","astra-migrate-meta-layouts":"default","ast-page-background-enabled":"default","ast-page-background-meta":{"desktop":{"background-color":"var(--ast-global-color-4)","background-image":"","background-repeat":"repeat","background-position":"center center","background-size":"auto","background-attachment":"scroll","background-type":"","background-media":"","overlay-type":"","overlay-color":"","overlay-opacity":"","overlay-gradient":""},"tablet":{"background-color":"","background-image":"","background-repeat":"repeat","background-position":"center center","background-size":"auto","background-attachment":"scroll","background-type":"","background-media":"","overlay-type":"","overlay-color":"","overlay-opacity":"","overlay-gradient":""},"mobile":{"background-color":"","background-image":"","background-repeat":"repeat","background-position":"center center","background-size":"auto","background-attachment":"scroll","background-type":"","background-media":"","overlay-type":"","overlay-color":"","overlay-opacity":"","overlay-gradient":""}},"ast-content-background-meta":{"desktop":{"background-color":"var(--ast-global-color-5)","background-image":"","background-repeat":"repeat","background-position":"center center","background-size":"auto","background-attachment":"scroll","background-type":"","background-media":"","overlay-type":"","overlay-color":"","overlay-opacity":"","overlay-gradient":""},"tablet":{"background-color":"var(--ast-global-color-5)","background-image":"","background-repeat":"repeat","background-position":"center center","background-size":"auto","background-attachment":"scroll","background-type":"","background-media":"","overlay-type":"","overlay-color":"","overlay-opacity":"","overlay-gradient":""},"mobile":{"background-color":"var(--ast-global-color-5)","background-image":"","background-repeat":"repeat","background-position":"center center","background-size":"auto","background-attachment":"scroll","background-type":"","background-media":"","overlay-type":"","overlay-color":"","overlay-opacity":"","overlay-gradient":""}},"footnotes":""},"class_list":["post-165","page","type-page","status-publish","has-post-thumbnail","hentry"],"_links":{"self":[{"href":"https:\/\/influencesuite.com\/pt\/wp-json\/wp\/v2\/pages\/165","targetHints":{"allow":["GET"]}}],"collection":[{"href":"https:\/\/influencesuite.com\/pt\/wp-json\/wp\/v2\/pages"}],"about":[{"href":"https:\/\/influencesuite.com\/pt\/wp-json\/wp\/v2\/types\/page"}],"author":[{"embeddable":true,"href":"https:\/\/influencesuite.com\/pt\/wp-json\/wp\/v2\/users\/1"}],"replies":[{"embeddable":true,"href":"https:\/\/influencesuite.com\/pt\/wp-json\/wp\/v2\/comments?post=165"}],"version-history":[{"count":0,"href":"https:\/\/influencesuite.com\/pt\/wp-json\/wp\/v2\/pages\/165\/revisions"}],"up":[{"embeddable":true,"href":"https:\/\/influencesuite.com\/pt\/wp-json\/wp\/v2\/pages\/36"}],"wp:featuredmedia":[{"embeddable":true,"href":"https:\/\/influencesuite.com\/pt\/wp-json\/wp\/v2\/media\/2865"}],"wp:attachment":[{"href":"https:\/\/influencesuite.com\/pt\/wp-json\/wp\/v2\/media?parent=165"}],"curies":[{"name":"wp","href":"https:\/\/api.w.org\/{rel}","templated":true}]}}